{"id":2803,"date":"2021-06-09T17:27:03","date_gmt":"2021-06-09T14:27:03","guid":{"rendered":"https:\/\/drinbags.com\/?page_id=2803"},"modified":"2022-04-05T17:08:47","modified_gmt":"2022-04-05T14:08:47","slug":"grazinimo-taisykles","status":"publish","type":"page","link":"https:\/\/drinbags.com\/lt\/grazinimo-taisykles\/","title":{"rendered":"Preki\u0173 gr\u0105\u017einimas"},"content":{"rendered":"<p><span style=\"font-weight: 400;\">DRINbags.com parduotuv\u0117je \u012fsigyt\u0105 prek\u0119 galite gr\u0105\u017einti per 14 dien\u0173 nuo prek\u0117s i\u0161siuntimo dienos jei ji: yra nene\u0161iota, puikioje b\u016bkl\u0117je, nepa\u017eeista, nesugadinta ar kitaip nepakitusi nuo \u012fsigijimo momento.<\/span><\/p>\n<p><span style=\"font-weight: 400;\">Nor\u0117dami gr\u0105\u017einti prek\u0119 susisiekite su mumis el. pa\u0161tu info@drinbags.com<\/span><\/p>\n<p><span style=\"font-weight: 400;\">Gr\u0105\u017eindami prek\u0119, saugiai j\u0105 supakuokite, rekomenduojama \u012f t\u0105 pa\u010di\u0105 pakuot\u0119, kurioje ji pasiek\u0117 jus. Pasirinkite saug\u0173 pristatymo b\u016bd\u0105.<\/span><\/p>\n<p><span style=\"font-weight: 400;\">Gr\u0105\u017einimo i\u0161laidas padengia pirk\u0117jas.<\/span><\/p>\n<p><span style=\"font-weight: 400;\">Pinigai u\u017e prek\u0119 gr\u0105\u017einami per 5 darbo dienas, po to kai ji pasiekia mus.<\/span><\/p>\n<p>&nbsp;<\/p>\n<p><span style=\"font-weight: 400;\">SVARBU!<\/span><\/p>\n<p><strong>Pagal individualius klient\u0173 pageidavimus sukurtos prek\u0117s nepriimamos atgal ir u\u017e jas pinigai negr\u0105\u017einami.<\/strong><\/p>\n<p>&nbsp;<\/p>\n<p><span style=\"font-weight: 400;\">PREKI\u0172 GR\u0104\u017dINIMAS IR KEITIMAS D\u0116L NETINKAMOS KOKYB\u0116S<\/span><\/p>\n<p><span style=\"font-weight: 400;\">Parduot\u0173 preki\u0173 tr\u016bkumai \u0161alinami, nekokybi\u0161kos prek\u0117s kei\u010diamos ir gr\u0105\u017einamos.<\/span><\/p>\n<p><span style=\"font-weight: 400;\">Apie defektus pra\u0161ome prane\u0161ti el. pa\u0161tu info@drinbags.com, apra\u0161ykite situacij\u0105 bei prid\u0117kite defekt\u0173 nuotraukas.<\/span><\/p>\n<p><span style=\"font-weight: 400;\">Preki\u0173 siuntimo i\u0161laidas, pirk\u0117jui siun\u010diant prekes pardav\u0117jui gr\u0105\u017einti ar pakeisti d\u0117l prek\u0117s tr\u016bkum\u0173 ar defektams \u0161alinti, apmoka pardav\u0117jas. Nenusta\u010dius tr\u016bkum\u0173, siuntimo i\u0161laidas apmoka pirk\u0117jas.<\/span><\/p>","protected":false},"excerpt":{"rendered":"<p>You can return the product purchased in the DRINbags.com store within 14 days from the date of shipment if it is: unused, in [&hellip;]<\/p>\n","protected":false},"author":1,"featured_media":0,"parent":0,"menu_order":0,"comment_status":"closed","ping_status":"closed","template":"","meta":{"_acf_changed":false,"_monsterinsights_skip_tracking":false,"_monsterinsights_sitenote_active":false,"_monsterinsights_sitenote_note":"","_monsterinsights_sitenote_category":0,"footnotes":""},"class_list":["post-2803","page","type-page","status-publish","hentry"],"acf":[],"aioseo_notices":[],"_links":{"self":[{"href":"https:\/\/drinbags.com\/lt\/wp-json\/wp\/v2\/pages\/2803","targetHints":{"allow":["GET"]}}],"collection":[{"href":"https:\/\/drinbags.com\/lt\/wp-json\/wp\/v2\/pages"}],"about":[{"href":"https:\/\/drinbags.com\/lt\/wp-json\/wp\/v2\/types\/page"}],"author":[{"embeddable":true,"href":"https:\/\/drinbags.com\/lt\/wp-json\/wp\/v2\/users\/1"}],"replies":[{"embeddable":true,"href":"https:\/\/drinbags.com\/lt\/wp-json\/wp\/v2\/comments?post=2803"}],"version-history":[{"count":4,"href":"https:\/\/drinbags.com\/lt\/wp-json\/wp\/v2\/pages\/2803\/revisions"}],"predecessor-version":[{"id":3533,"href":"https:\/\/drinbags.com\/lt\/wp-json\/wp\/v2\/pages\/2803\/revisions\/3533"}],"wp:attachment":[{"href":"https:\/\/drinbags.com\/lt\/wp-json\/wp\/v2\/media?parent=2803"}],"curies":[{"name":"wp","href":"https:\/\/api.w.org\/{rel}","templated":true}]}}