{"id":2811,"date":"2021-06-10T18:31:31","date_gmt":"2021-06-10T15:31:31","guid":{"rendered":"https:\/\/drinbags.com\/?page_id=2811"},"modified":"2025-03-25T13:46:43","modified_gmt":"2025-03-25T11:46:43","slug":"terms-of-delivery","status":"publish","type":"page","link":"https:\/\/drinbags.com\/lt\/terms-of-delivery\/","title":{"rendered":"Preki\u0173 pristatymas"},"content":{"rendered":"<p><strong>Preki\u0173 pristatymas Lietuvoje - 3 eurai!<\/strong><\/p>\n<p><span style=\"font-weight: 400;\">Siuntimas \u012f kitas \u0161alis - 7 eu.<\/span><\/p>\n<p><span style=\"font-weight: 400;\">Siun\u010diame per Omniva ir LP Express pa\u0161tomatus bei pa\u0161tu.<\/span><\/p>\n<p class=\"translation-block\">\u0160iuo metu turime \u0161eimos pagaus\u0117jim\u0105, tad kol viskas nauja - u\u017esakymus pagaminti u\u017etruks iki dviej\u0173 savai\u010di\u0173. A\u010di\u016b u\u017e supratingum\u0105! :)<\/p>","protected":false},"excerpt":{"rendered":"<p>Delivery of goods in Lithuania &#8211; 3 eu! Shipping to other countries &#8211; 7 eu. We send via LP Express and Omniva post [&hellip;]<\/p>\n","protected":false},"author":1,"featured_media":0,"parent":0,"menu_order":0,"comment_status":"closed","ping_status":"closed","template":"","meta":{"_acf_changed":false,"_monsterinsights_skip_tracking":false,"_monsterinsights_sitenote_active":false,"_monsterinsights_sitenote_note":"","_monsterinsights_sitenote_category":0,"footnotes":""},"class_list":["post-2811","page","type-page","status-publish","hentry"],"acf":[],"aioseo_notices":[],"_links":{"self":[{"href":"https:\/\/drinbags.com\/lt\/wp-json\/wp\/v2\/pages\/2811","targetHints":{"allow":["GET"]}}],"collection":[{"href":"https:\/\/drinbags.com\/lt\/wp-json\/wp\/v2\/pages"}],"about":[{"href":"https:\/\/drinbags.com\/lt\/wp-json\/wp\/v2\/types\/page"}],"author":[{"embeddable":true,"href":"https:\/\/drinbags.com\/lt\/wp-json\/wp\/v2\/users\/1"}],"replies":[{"embeddable":true,"href":"https:\/\/drinbags.com\/lt\/wp-json\/wp\/v2\/comments?post=2811"}],"version-history":[{"count":8,"href":"https:\/\/drinbags.com\/lt\/wp-json\/wp\/v2\/pages\/2811\/revisions"}],"predecessor-version":[{"id":6503,"href":"https:\/\/drinbags.com\/lt\/wp-json\/wp\/v2\/pages\/2811\/revisions\/6503"}],"wp:attachment":[{"href":"https:\/\/drinbags.com\/lt\/wp-json\/wp\/v2\/media?parent=2811"}],"curies":[{"name":"wp","href":"https:\/\/api.w.org\/{rel}","templated":true}]}}