{"id":3,"date":"2021-04-27T16:27:37","date_gmt":"2021-04-27T16:27:37","guid":{"rendered":"https:\/\/drinbags.com\/?page_id=3"},"modified":"2022-04-05T17:05:36","modified_gmt":"2022-04-05T14:05:36","slug":"privacy-policy","status":"publish","type":"page","link":"https:\/\/drinbags.com\/lt\/privacy-policy\/","title":{"rendered":"Privatumo politika"},"content":{"rendered":"<div class=\"fusion-fullwidth fullwidth-box fusion-builder-row-1 fusion-flex-container nonhundred-percent-fullwidth non-hundred-percent-height-scrolling\" style=\"background-color: #ffffff;background-position: center center;background-repeat: no-repeat;border-width: 0px 0px 0px 0px;border-color:#eae9e9;border-style:solid;\" ><div class=\"fusion-builder-row fusion-row fusion-flex-align-items-flex-start\" style=\"max-width:1216.8px;margin-left: calc(-4% \/ 2 );margin-right: calc(-4% \/ 2 );\"><div class=\"fusion-layout-column fusion_builder_column fusion-builder-column-0 fusion_builder_column_1_1 1_1 fusion-flex-column\"><div class=\"fusion-column-wrapper fusion-flex-justify-content-flex-start fusion-content-layout-column\" style=\"background-position:left top;background-repeat:no-repeat;-webkit-background-size:cover;-moz-background-size:cover;-o-background-size:cover;background-size:cover;padding: 0px 0px 0px 0px;\"><div class=\"fusion-text fusion-text-1\"><ol>\n<li style=\"font-weight: 400;\" aria-level=\"1\"><span style=\"font-weight: 400;\">Bendrosios nuostatos<\/span><\/li>\n<\/ol>\n<p><span style=\"font-weight: 400;\">1.1. \u0160ios duomen\u0173 apsaugos taisykl\u0117s reglamentuoja elektronin\u0117s parduotuv\u0117s (www.DRINbags.com) kliento pagrindinius asmens duomen\u0173 rinkimo, tvarkymo ir saugojimo principus bei tvark\u0105.<\/span><\/p>\n<p><span style=\"font-weight: 400;\">1.2. J\u016bs\u0173 asmenini\u0173 duomen\u0173 tvarkym\u0105 nustato \u0161ios s\u0105lygos, LR Asmens duomen\u0173 teisin\u0117s apsaugos \u012fstatymas ir kiti teis\u0117s aktai, reglamentuojantys toki\u0173 duomen\u0173 rinkim\u0105.<\/span><\/p>\n<ol start=\"2\">\n<li><span style=\"font-weight: 400;\"> Preki\u0173 pirkimo taisykl\u0117s<\/span><\/li>\n<\/ol>\n<p><span style=\"font-weight: 400;\">2.1. Pirkdami prek\u0119 turite pateikti piln\u0105, reikiam\u0105 informacij\u0105 apie save. Jeigu J\u016bs pateikiate netikslius, melagingus ar klaidinan\u010dius duomenis, mes turime teis\u0119 anuliuoti J\u016bs\u0173 u\u017esakym\u0105 ir i\u0161trinti duomenis arba apriboti J\u016bs\u0173 galimybes naudotis e-parduotuve.<\/span><\/p>\n<p><span style=\"font-weight: 400;\">2.2. Mes pripa\u017e\u012fstame ir gerbiame kiekvieno fizinio asmens, kuris lankosi e-parduotuv\u0117je, teis\u0119 \u012f privatum\u0105. Mes renkame ir panaudojame fizinio asmens duomenis (vard\u0105, pavard\u0119, telefono numer\u012f, elektroninio pa\u0161to adres\u0105 ir kit\u0105 preki\u0173 u\u017esakymo formoje nurodyt\u0105 informacij\u0105) tam, kad:<\/span><\/p>\n<p><span style=\"font-weight: 400;\">2.2.1. Apdorotume J\u016bs\u0173 preki\u0173 ar paslaug\u0173 u\u017esakymus;<\/span><\/p>\n<p><span style=\"font-weight: 400;\">2.2.2. I\u0161spr\u0119stume problemas susijusias su preki\u0173 pateikimu ar pristatymu;<\/span><\/p>\n<p><span style=\"font-weight: 400;\">2.2.3. \u012evykdytume kitus sutartinius \u012fsipareigojimus.<\/span><\/p>\n<p><span style=\"font-weight: 400;\">2.3. Asmens duomenys yra tvarkomi saugiomis priemon\u0117mis, kurios apsaugo \u0161iuos duomenis nuo neteis\u0117to sunaikinimo, atskleidimo ar kit\u0173 neteis\u0117t\u0173 veiksm\u0173.<\/span><\/p>\n<p><span style=\"font-weight: 400;\">2.4. Ne asmeninius J\u016bs\u0173 duomenis, t.y. duomenis susijusius su J\u016bs\u0173 \u012fsigytomis prek\u0117mis, mes galime naudoti statistiniais tikslais. Toks statistini\u0173 duomen\u0173 rinkimas neleis tiesiogiai ar netiesiogiai nustatyti J\u016bs\u0173 asmens tapatyb\u0117s.<\/span><\/p>\n<ol start=\"3\">\n<li><span style=\"font-weight: 400;\"> Asmens duomen\u0173 perdavimas tre\u010diosioms \u0161alims<\/span><\/li>\n<\/ol>\n<p><span style=\"font-weight: 400;\">3.1. Mes neperduosime J\u016bs\u0173 asmens duomen\u0173 tre\u010diosioms \u0161alims, negav\u0119 J\u016bs\u0173 atskiro sutikimo, i\u0161skyrus LR \u012fstatym\u0173 nustatytomis aplinkyb\u0117mis.<\/span><\/p>\n<ol start=\"4\">\n<li><span style=\"font-weight: 400;\"> Informacijos ar pretenzijos perdavimas<\/span><\/li>\n<\/ol>\n<p><span style=\"font-weight: 400;\">4.1. Asmuo gali b\u016bti informuojamas apie savo asmens duomen\u0173 tvarkym\u0105 bei turi galimyb\u0119 susipa\u017einti su surinktais savo asmens duomenimis pateik\u0119s u\u017eklaus\u0105 elektroniniu pa\u0161tu <\/span><a href=\"mailto:info@drinbags.com\"><span style=\"font-weight: 400;\">info@drinbags.com<\/span><\/a><span style=\"font-weight: 400;\">.<\/span><\/p>\n<p><span style=\"font-weight: 400;\">4.2. Asmuo gali b\u016bti informuojamas apie teis\u0119 gauti informacij\u0105, i\u0161 koki\u0173 \u0161altini\u0173 ir kokie jo asmens duomenys surinkti, kokiu tikslu jie tvarkomi, kokiems duomen\u0173 gav\u0117jams teikiami ir buvo teikti pateik\u0119s u\u017eklaus\u0105 elektroniniu pa\u0161tu info@drinbags.com.<\/span><\/p>\n<p><span style=\"font-weight: 400;\">4.3. Asmuo gali i\u0161taisyti, sunaikinti savo asmens duomenis arba sustabdyti, i\u0161skyrus saugojim\u0105, savo asmens duomen\u0173 tvarkymo veiksmus, kai duomenys tvarkomi nesilaikant \u012fstatym\u0173 nuostat\u0173 pateik\u0119s u\u017eklaus\u0105 elektroniniu pa\u0161tu info@drinbags.com.<\/span><\/p>\n<p><span style=\"font-weight: 400;\">4.4. Visi prane\u0161imai, susij\u0119 su asmens duomen\u0173 tvarkymu, yra pateikiami elektroniniu pa\u0161tu info@drinbags.com.<\/span><\/p>\n<p><span style=\"font-weight: 400;\">4.5. Atsakym\u0105 mes pateikiame tokia forma, kuria gavome prane\u0161im\u0105 ar pretenzij\u0105.<\/span><\/p>\n<ol start=\"5\">\n<li><span style=\"font-weight: 400;\"> Taisykli\u0173 keitimas<\/span><\/li>\n<\/ol>\n<p><span style=\"font-weight: 400;\">5.1. Mes turime teis\u0119 i\u0161 dalies ar visi\u0161kai pakeisti Privatumo s\u0105lygas apie tai prane\u0161dami e-parduotuv\u0117je.<\/span><\/p>\n<p><span style=\"font-weight: 400;\">5.2. Jei J\u016bs po \u0161i\u0173 s\u0105lyg\u0173 pasikeitim\u0173 naudojat\u0117s e-parduotuv\u0117s teikiamomis paslaugomis, mes laikome, kad J\u016bs sutikote su s\u0105lyg\u0173 pakeitimu.<\/span><\/p>\n<ol start=\"6\">\n<li><span style=\"font-weight: 400;\"> Asmens duomen\u0173 tvarkymas<\/span><\/li>\n<\/ol>\n<p><span style=\"font-weight: 400;\">6.1.J\u016bs sutinkate, kad asmens duomenys, kuriuos J\u016bs savo noru pateikiate registracijos formoje, b\u016bt\u0173 tvarkomi remiantis \u0161iomis taisykl\u0117mis.<\/span><\/p>\n<ol start=\"7\">\n<li><span style=\"font-weight: 400;\"> Baigiamosios nuostatos<\/span><\/li>\n<\/ol>\n<p><span style=\"font-weight: 400;\">7.1. \u0160ioms Privatumo s\u0105lygoms yra taikoma Lietuvos Respublikos teis\u0117.<\/span><\/p>\n<p><span style=\"font-weight: 400;\">7.2. Visi nesutarimai d\u0117l \u0161i\u0173 taisykli\u0173 vykdymo, yra sprend\u017eiami deryb\u0173 keliu. Nepavykus susitarti, nesutarimai yra sprend\u017eiami Lietuvos Respublikos \u012fstatym\u0173 nustatyta tvarka.<\/span><\/p>\n<p><span style=\"font-weight: 400;\">\u00a0<\/span><\/p>\n<p><span style=\"font-weight: 400;\">Tel: +370 654 53134<\/span><\/p>\n<p><span style=\"font-weight: 400;\">info@drinbags.com<\/span><\/p>\n<p><span style=\"font-weight: 400;\">www.DRINbags.com<\/span><\/p>\n<\/div><\/div><style type=\"text\/css\">.fusion-body .fusion-builder-column-0{width:100% !important;margin-top : 0px;margin-bottom : 0px;}.fusion-builder-column-0 > .fusion-column-wrapper {padding-top : 0px !important;padding-right : 0px !important;margin-right : 1.92%;padding-bottom : 0px !important;padding-left : 0px !important;margin-left : 1.92%;}@media only screen and (max-width:1024px) {.fusion-body .fusion-builder-column-0{width:100% !important;}.fusion-builder-column-0 > .fusion-column-wrapper {margin-right : 1.92%;margin-left : 1.92%;}}@media only screen and (max-width:640px) {.fusion-body .fusion-builder-column-0{width:100% !important;}.fusion-builder-column-0 > .fusion-column-wrapper {margin-right : 1.92%;margin-left : 1.92%;}}<\/style><\/div><\/div><style type=\"text\/css\">.fusion-body .fusion-flex-container.fusion-builder-row-1{ padding-top : 0px;margin-top : 0px;padding-right : 0px;padding-bottom : 0px;margin-bottom : 0px;padding-left : 0px;}<\/style><\/div>","protected":false},"excerpt":{"rendered":"","protected":false},"author":1,"featured_media":0,"parent":0,"menu_order":0,"comment_status":"closed","ping_status":"open","template":"","meta":{"_acf_changed":false,"_monsterinsights_skip_tracking":false,"_monsterinsights_sitenote_active":false,"_monsterinsights_sitenote_note":"","_monsterinsights_sitenote_category":0,"footnotes":""},"class_list":["post-3","page","type-page","status-publish","hentry"],"acf":[],"aioseo_notices":[],"_links":{"self":[{"href":"https:\/\/drinbags.com\/lt\/wp-json\/wp\/v2\/pages\/3","targetHints":{"allow":["GET"]}}],"collection":[{"href":"https:\/\/drinbags.com\/lt\/wp-json\/wp\/v2\/pages"}],"about":[{"href":"https:\/\/drinbags.com\/lt\/wp-json\/wp\/v2\/types\/page"}],"author":[{"embeddable":true,"href":"https:\/\/drinbags.com\/lt\/wp-json\/wp\/v2\/users\/1"}],"replies":[{"embeddable":true,"href":"https:\/\/drinbags.com\/lt\/wp-json\/wp\/v2\/comments?post=3"}],"version-history":[{"count":2,"href":"https:\/\/drinbags.com\/lt\/wp-json\/wp\/v2\/pages\/3\/revisions"}],"predecessor-version":[{"id":3532,"href":"https:\/\/drinbags.com\/lt\/wp-json\/wp\/v2\/pages\/3\/revisions\/3532"}],"wp:attachment":[{"href":"https:\/\/drinbags.com\/lt\/wp-json\/wp\/v2\/media?parent=3"}],"curies":[{"name":"wp","href":"https:\/\/api.w.org\/{rel}","templated":true}]}}