{"id":3628,"date":"2022-04-08T10:37:22","date_gmt":"2022-04-08T07:37:22","guid":{"rendered":"https:\/\/drinbags.com\/?page_id=3628"},"modified":"2023-01-16T11:54:26","modified_gmt":"2023-01-16T09:54:26","slug":"faq","status":"publish","type":"page","link":"https:\/\/drinbags.com\/lt\/faq\/","title":{"rendered":"DUK"},"content":{"rendered":"<div class=\"fusion-fullwidth fullwidth-box fusion-builder-row-1 fusion-flex-container nonhundred-percent-fullwidth non-hundred-percent-height-scrolling\" style=\"background-color: #ffffff;background-position: center center;background-repeat: no-repeat;border-width: 0px 0px 0px 0px;border-color:#eae9e9;border-style:solid;\" ><div class=\"fusion-builder-row fusion-row fusion-flex-align-items-flex-start\" style=\"max-width:1216.8px;margin-left: calc(-4% \/ 2 );margin-right: calc(-4% \/ 2 );\"><div class=\"fusion-layout-column fusion_builder_column fusion-builder-column-0 fusion_builder_column_1_1 1_1 fusion-flex-column\"><div class=\"fusion-column-wrapper fusion-flex-justify-content-flex-start fusion-content-layout-column\" style=\"background-position:left top;background-repeat:no-repeat;-webkit-background-size:cover;-moz-background-size:cover;-o-background-size:cover;background-size:cover;padding: 0px 0px 0px 0px;\"><style type=\"text\/css\">.fusion-accordian #accordian-1 .panel-title a .fa-fusion-box:before{ font-size: 13px;}.fusion-accordian #accordian-1 .panel-title a .fa-fusion-box{ color: #ffffff;}.fusion-accordian #accordian-1 .panel-title a{font-size:17px;}.fusion-accordian #accordian-1 .fa-fusion-box { background-color: #333333;border-color: #333333;}.fusion-accordian #accordian-1 .panel-title a:hover,.fusion-accordian #accordian-1 .panel-title a.hover { color: #78bca1;}.fusion-faq-shortcode .fusion-accordian #accordian-1 .fusion-toggle-boxed-mode:hover .panel-title a { color: #78bca1;}.fusion-accordian #accordian-1 .panel-title .active .fa-fusion-box,.fusion-accordian #accordian-1 .panel-title a:hover .fa-fusion-box,.fusion-accordian #accordian-1 .panel-title a.hover .fa-fusion-box { background-color: #78bca1!important;border-color: #78bca1!important;}<\/style><div class=\"fusion-faq-shortcode\"><div class=\"fusion-faqs-wrapper\"><div class=\"accordian fusion-accordian\"><div class=\"panel-group\" id=\"accordian-1\"><div class=\"fusion-panel panel-default fusion-faq-post fusion-faq-post-3559\"><span class=\"entry-title rich-snippet-hidden\">Ar galima prek\u0119 gr\u0105\u017einti?<\/span><span class=\"vcard rich-snippet-hidden\"><span class=\"fn\"><a href=\"https:\/\/drinbags.com\/lt\/author\/indruskemikruske\/\" title=\"Autorius: Indre\" rel=\"author\">Indre<\/a><\/span><\/span><span class=\"updated rich-snippet-hidden\">2023-01-16T11:31:04+02:00<\/span><div class=\"panel-heading\"><h4 class=\"panel-title toggle\"><a data-toggle=\"collapse\" class=\"collapsed\" data-parent=\"#accordian-1\" data-target=\"#collapse-1-3559\" href=\"#collapse-1-3559\"><div class=\"fusion-toggle-icon-wrapper\"><div class=\"fusion-toggle-icon-wrapper-main\"><div class=\"fusion-toggle-icon-wrapper-sub\"><i class=\"fa-fusion-box\" aria-hidden=\"true\"><\/i><\/div><\/div><\/div><div class=\"fusion-toggle-heading\">Ar galima prek\u0119 gr\u0105\u017einti?<\/div><\/a><\/h4><\/div><div id=\"collapse-1-3559\" class=\"panel-collapse collapse\"><div class=\"panel-body toggle-content post-content\"><p>DRINbags.com parduotuv\u0117je \u012fsigyt\u0105 prek\u0119 galite gr\u0105\u017einti per 14 dien\u0173 nuo prek\u0117s i\u0161siuntimo dienos jei ji: yra nene\u0161iota, puikioje b\u016bkl\u0117je, nepa\u017eeista, nesugadinta ar kitaip nepakitusi nuo \u012fsigijimo momento.<\/p>\n<\/div><\/div><\/div><div class=\"fusion-panel panel-default fusion-faq-post fusion-faq-post-4375\"><span class=\"entry-title rich-snippet-hidden\">Ar suteikiate garantij\u0105?<\/span><span class=\"vcard rich-snippet-hidden\"><span class=\"fn\"><a href=\"https:\/\/drinbags.com\/lt\/author\/indruskemikruske\/\" title=\"Autorius: Indre\" rel=\"author\">Indre<\/a><\/span><\/span><span class=\"updated rich-snippet-hidden\">2023-02-18T18:07:41+02:00<\/span><div class=\"panel-heading\"><h4 class=\"panel-title toggle\"><a data-toggle=\"collapse\" class=\"collapsed\" data-parent=\"#accordian-1\" data-target=\"#collapse-1-4375\" href=\"#collapse-1-4375\"><div class=\"fusion-toggle-icon-wrapper\"><div class=\"fusion-toggle-icon-wrapper-main\"><div class=\"fusion-toggle-icon-wrapper-sub\"><i class=\"fa-fusion-box\" aria-hidden=\"true\"><\/i><\/div><\/div><\/div><div class=\"fusion-toggle-heading\">Ar suteikiate garantij\u0105?<\/div><\/a><\/h4><\/div><div id=\"collapse-1-4375\" class=\"panel-collapse collapse\"><div class=\"panel-body toggle-content post-content\"><p>Suteikiame vis\u0105 gyvenim\u0105 trunkan\u010di\u0105 garantij\u0105 dir\u017eeli\u0173 tvirtinimui. Pilv\u016bzin\u0117s dir\u017eelis prad\u0117jo ply\u0161ti po ilgo naudojimo? O gal kuprin\u0117s petne\u0161a nutr\u016bko nuo per didelio svorio? Atsi\u0173skite mums ir mes gr\u0105\u017einsime prek\u0119 kaip nauj\u0105!<\/p>\n<\/div><\/div><\/div><div class=\"fusion-panel panel-default fusion-faq-post fusion-faq-post-4378\"><span class=\"entry-title rich-snippet-hidden\">Ar siuvate neper\u0161lampamus daiktus?<\/span><span class=\"vcard rich-snippet-hidden\"><span class=\"fn\"><a href=\"https:\/\/drinbags.com\/lt\/author\/indruskemikruske\/\" title=\"Autorius: Indre\" rel=\"author\">Indre<\/a><\/span><\/span><span class=\"updated rich-snippet-hidden\">2023-01-16T11:43:10+02:00<\/span><div class=\"panel-heading\"><h4 class=\"panel-title toggle\"><a data-toggle=\"collapse\" class=\"collapsed\" data-parent=\"#accordian-1\" data-target=\"#collapse-1-4378\" href=\"#collapse-1-4378\"><div class=\"fusion-toggle-icon-wrapper\"><div class=\"fusion-toggle-icon-wrapper-main\"><div class=\"fusion-toggle-icon-wrapper-sub\"><i class=\"fa-fusion-box\" aria-hidden=\"true\"><\/i><\/div><\/div><\/div><div class=\"fusion-toggle-heading\">Ar siuvate neper\u0161lampamus daiktus?<\/div><\/a><\/h4><\/div><div id=\"collapse-1-4378\" class=\"panel-collapse collapse\"><div class=\"panel-body toggle-content post-content\"><p>Prek\u0117s siuvamos i\u0161 trij\u0173 tip\u0173 med\u017eiag\u0173, tad priklauso, kuri\u0105 prek\u0119 pasirinksite:<\/p>\n<ol>\n<li aria-level=\"1\">Tentinio impregnuoto audinio. \u0160is audinys yra atsparus vandeniui.<\/li>\n<li aria-level=\"1\">Bald\u0173 apmu\u0161al\u0173 audinys (Polyester upholstery fabric). \u0160is audinys yra malonus liesti, \u0161velnus, ta\u010diau vandeniui neatsparus.<\/li>\n<li aria-level=\"1\">Afrikieti\u0161k\u0173 ra\u0161t\u0173 medviln\u0117. Neatsparus vandeniui audinys.<\/li>\n<\/ol>\n<\/div><\/div><\/div><div class=\"fusion-panel panel-default fusion-faq-post fusion-faq-post-4380\"><span class=\"entry-title rich-snippet-hidden\">Kuo skiriasi pilv\u016bzin\u0117s?<\/span><span class=\"vcard rich-snippet-hidden\"><span class=\"fn\"><a href=\"https:\/\/drinbags.com\/lt\/author\/indruskemikruske\/\" title=\"Autorius: Indre\" rel=\"author\">Indre<\/a><\/span><\/span><span class=\"updated rich-snippet-hidden\">2023-01-16T11:47:12+02:00<\/span><div class=\"panel-heading\"><h4 class=\"panel-title toggle\"><a data-toggle=\"collapse\" class=\"collapsed\" data-parent=\"#accordian-1\" data-target=\"#collapse-1-4380\" href=\"#collapse-1-4380\"><div class=\"fusion-toggle-icon-wrapper\"><div class=\"fusion-toggle-icon-wrapper-main\"><div class=\"fusion-toggle-icon-wrapper-sub\"><i class=\"fa-fusion-box\" aria-hidden=\"true\"><\/i><\/div><\/div><\/div><div class=\"fusion-toggle-heading\">Kuo skiriasi pilv\u016bzin\u0117s?<\/div><\/a><\/h4><\/div><div id=\"collapse-1-4380\" class=\"panel-collapse collapse\"><div class=\"panel-body toggle-content post-content\"><p>Pilv\u016bzin\u0117s yra keleto r\u016b\u0161i\u0173:<\/p>\n<ol>\n<li aria-level=\"1\">Klasikin\u0117s pilv\u016bzin\u0117s. Jos gali b\u016bti i\u0161 \u012fvairi\u0173 med\u017eiag\u0173, spalvotos, vienspalv\u0117s, \u0161velnios ar neper\u0161lampamos.<\/li>\n<li aria-level=\"1\">Talpios, apvalios formos pilv\u016bzin\u0117s. \u0160ios pilv\u016bzin\u0117s yra labiau apvalios, nei pailgos. Taip pat gali b\u016bti i\u0161 \u012fvairi\u0173 med\u017eiag\u0173, vienspalv\u0117s ar su ra\u0161tais, \u0161velnios bei neper\u0161lampamos.<\/li>\n<li aria-level=\"1\">\u0160unims draugi\u0161kos pilv\u016bzin\u0117s. Forma tokia pati kaip auk\u0161\u010diau apra\u0161ytos, ta\u010diau jos skiriasi tuo, jog pagrindiniame skyriuje n\u0117ra pamu\u0161alo. Siuvamos tik i\u0161 neper\u0161lampamos med\u017eiagos, taigi lengvai valosi, pritaikytos ne\u0161iotis \u0161un\u0173 skanukams.<\/li>\n<\/ol>\n<\/div><\/div><\/div><div class=\"fusion-panel panel-default fusion-faq-post fusion-faq-post-4382\"><span class=\"entry-title rich-snippet-hidden\">Ar galima pasi\u016bti pagal mano poreikius?<\/span><span class=\"vcard rich-snippet-hidden\"><span class=\"fn\"><a href=\"https:\/\/drinbags.com\/lt\/author\/indruskemikruske\/\" title=\"Autorius: Indre\" rel=\"author\">Indre<\/a><\/span><\/span><span class=\"updated rich-snippet-hidden\">2023-01-16T11:47:36+02:00<\/span><div class=\"panel-heading\"><h4 class=\"panel-title toggle\"><a data-toggle=\"collapse\" class=\"collapsed\" data-parent=\"#accordian-1\" data-target=\"#collapse-1-4382\" href=\"#collapse-1-4382\"><div class=\"fusion-toggle-icon-wrapper\"><div class=\"fusion-toggle-icon-wrapper-main\"><div class=\"fusion-toggle-icon-wrapper-sub\"><i class=\"fa-fusion-box\" aria-hidden=\"true\"><\/i><\/div><\/div><\/div><div class=\"fusion-toggle-heading\">Ar galima pasi\u016bti pagal mano poreikius?<\/div><\/a><\/h4><\/div><div id=\"collapse-1-4382\" class=\"panel-collapse collapse\"><div class=\"panel-body toggle-content post-content\"><p>Taip, galimi keli individuali\u0173 u\u017esakym\u0173 pob\u016bd\u017eiai:<\/p>\n<ul>\n<li aria-level=\"1\">Galima derinti jums labiausiai patinkan\u010dias med\u017eiagas i\u0161 mano turim\u0173.<\/li>\n<li aria-level=\"1\">Galima tartis d\u0117l dir\u017e\u0173 ilgio, vidin\u0117s ki\u0161en\u0117s poreikio, u\u017etrauktuk\u0173 atsisegimo pusi\u0173.<\/li>\n<li aria-level=\"1\">Galima klijuoti j\u016bs\u0173 norim\u0105 paveiksliuk\u0105 ar u\u017era\u0161\u0105 ant med\u017eiagos.<\/li>\n<li aria-level=\"1\">Galite duoti savo norim\u0105 med\u017eiag\u0105, kuri gali b\u016bti integruojama \u012f prek\u0119. Pavyzd\u017eiui, seni mylimi mar\u0161kiniai gali tapti kuprin\u0117s priekine ki\u0161ene.<\/li>\n<\/ul>\n<\/div><\/div><\/div><div class=\"fusion-panel panel-default fusion-faq-post fusion-faq-post-4385\"><span class=\"entry-title rich-snippet-hidden\">I\u0161 kur tokios spalvotos med\u017eiagos?<\/span><span class=\"vcard rich-snippet-hidden\"><span class=\"fn\"><a href=\"https:\/\/drinbags.com\/lt\/author\/indruskemikruske\/\" title=\"Autorius: Indre\" rel=\"author\">Indre<\/a><\/span><\/span><span class=\"updated rich-snippet-hidden\">2023-02-06T11:43:43+02:00<\/span><div class=\"panel-heading\"><h4 class=\"panel-title toggle\"><a data-toggle=\"collapse\" class=\"collapsed\" data-parent=\"#accordian-1\" data-target=\"#collapse-1-4385\" href=\"#collapse-1-4385\"><div class=\"fusion-toggle-icon-wrapper\"><div class=\"fusion-toggle-icon-wrapper-main\"><div class=\"fusion-toggle-icon-wrapper-sub\"><i class=\"fa-fusion-box\" aria-hidden=\"true\"><\/i><\/div><\/div><\/div><div class=\"fusion-toggle-heading\">I\u0161 kur tokios spalvotos med\u017eiagos?<\/div><\/a><\/h4><\/div><div id=\"collapse-1-4385\" class=\"panel-collapse collapse\"><div class=\"panel-body toggle-content post-content\"><p>Keliaudama Pranc\u016bzijoje atradau African wax med\u017eiagas ir \u012fsimyl\u0117jau. Parsive\u017eiau kelet\u0105, ta\u010diau jos greitai pasibaig\u0117. Tuomet pra\u0161iau draug\u0173, gyvenan\u010di\u0173 Pranc\u016bzijoj, ar lankan\u010di\u0173 savo gimines Tanzanijoje, parve\u017eti man kuo daugiau toki\u0173 med\u017eiag\u0173. Keliaudama Tailande ir pati radau \u012fvairi\u0173 nuostabi\u0173 med\u017eiag\u0173, tad \u0161iek tiek parsive\u017eiau \u012f Kaun\u0105.<\/p>\n<\/div><\/div><\/div><div class=\"fusion-panel panel-default fusion-faq-post fusion-faq-post-4387\"><span class=\"entry-title rich-snippet-hidden\">Ar pati siuvi visk\u0105?<\/span><span class=\"vcard rich-snippet-hidden\"><span class=\"fn\"><a href=\"https:\/\/drinbags.com\/lt\/author\/indruskemikruske\/\" title=\"Autorius: Indre\" rel=\"author\">Indre<\/a><\/span><\/span><span class=\"updated rich-snippet-hidden\">2023-02-06T11:46:10+02:00<\/span><div class=\"panel-heading\"><h4 class=\"panel-title toggle\"><a data-toggle=\"collapse\" class=\"collapsed\" data-parent=\"#accordian-1\" data-target=\"#collapse-1-4387\" href=\"#collapse-1-4387\"><div class=\"fusion-toggle-icon-wrapper\"><div class=\"fusion-toggle-icon-wrapper-main\"><div class=\"fusion-toggle-icon-wrapper-sub\"><i class=\"fa-fusion-box\" aria-hidden=\"true\"><\/i><\/div><\/div><\/div><div class=\"fusion-toggle-heading\">Ar pati siuvi visk\u0105?<\/div><\/a><\/h4><\/div><div id=\"collapse-1-4387\" class=\"panel-collapse collapse\"><div class=\"panel-body toggle-content post-content\"><p>Taip, visk\u0105 siuvu pati. Turiu ma\u017eyt\u0119 studij\u0105 Kaune, kur gimsta visos prak\u0117s. \ud83d\ude42<\/p>\n<\/div><\/div><\/div><\/div><\/div><\/div><\/div><\/div><style type=\"text\/css\">.fusion-body .fusion-builder-column-0{width:100% !important;margin-top : 0px;margin-bottom : 0px;}.fusion-builder-column-0 > .fusion-column-wrapper {padding-top : 0px !important;padding-right : 0px !important;margin-right : 1.92%;padding-bottom : 0px !important;padding-left : 0px !important;margin-left : 1.92%;}@media only screen and (max-width:1024px) {.fusion-body .fusion-builder-column-0{width:100% !important;}.fusion-builder-column-0 > .fusion-column-wrapper {margin-right : 1.92%;margin-left : 1.92%;}}@media only screen and (max-width:640px) {.fusion-body .fusion-builder-column-0{width:100% !important;}.fusion-builder-column-0 > .fusion-column-wrapper {margin-right : 1.92%;margin-left : 1.92%;}}<\/style><\/div><\/div><style type=\"text\/css\">.fusion-body .fusion-flex-container.fusion-builder-row-1{ padding-top : 0px;margin-top : 0px;padding-right : 0px;padding-bottom : 0px;margin-bottom : 0px;padding-left : 0px;}<\/style><\/div>","protected":false},"excerpt":{"rendered":"","protected":false},"author":2,"featured_media":0,"parent":0,"menu_order":0,"comment_status":"closed","ping_status":"closed","template":"","meta":{"_acf_changed":false,"_monsterinsights_skip_tracking":false,"_monsterinsights_sitenote_active":false,"_monsterinsights_sitenote_note":"","_monsterinsights_sitenote_category":0,"footnotes":""},"class_list":["post-3628","page","type-page","status-publish","hentry"],"acf":[],"aioseo_notices":[],"_links":{"self":[{"href":"https:\/\/drinbags.com\/lt\/wp-json\/wp\/v2\/pages\/3628","targetHints":{"allow":["GET"]}}],"collection":[{"href":"https:\/\/drinbags.com\/lt\/wp-json\/wp\/v2\/pages"}],"about":[{"href":"https:\/\/drinbags.com\/lt\/wp-json\/wp\/v2\/types\/page"}],"author":[{"embeddable":true,"href":"https:\/\/drinbags.com\/lt\/wp-json\/wp\/v2\/users\/2"}],"replies":[{"embeddable":true,"href":"https:\/\/drinbags.com\/lt\/wp-json\/wp\/v2\/comments?post=3628"}],"version-history":[{"count":8,"href":"https:\/\/drinbags.com\/lt\/wp-json\/wp\/v2\/pages\/3628\/revisions"}],"predecessor-version":[{"id":4392,"href":"https:\/\/drinbags.com\/lt\/wp-json\/wp\/v2\/pages\/3628\/revisions\/4392"}],"wp:attachment":[{"href":"https:\/\/drinbags.com\/lt\/wp-json\/wp\/v2\/media?parent=3628"}],"curies":[{"name":"wp","href":"https:\/\/api.w.org\/{rel}","templated":true}]}}