{"id":2897,"date":"2021-07-15T16:16:53","date_gmt":"2021-07-15T13:16:53","guid":{"rendered":"https:\/\/drinbags.com\/?post_type=product&#038;p=2897"},"modified":"2023-10-16T08:18:23","modified_gmt":"2023-10-16T05:18:23","slug":"waist-bag-dots","status":"publish","type":"product","link":"https:\/\/drinbags.com\/lt\/shop\/accessories\/waist-bag-dots\/","title":{"rendered":"Soft waist bag BEETROOT"},"content":{"rendered":"<p>Spalvota rankin\u0117 ant juosmens lyd\u0117s jus visur - tiek ved\u017eiojant \u0161un\u012f, tiek vakar\u0117liuose ! Joje telpa viskas, ko gali prireikti, netgi 0,5 l vandens buteliukas.<\/p>\n<p>Pilv\u016bzin\u0119 sudaro du skyriai - pagrindinis, didysis skyrius ir ki\u0161en\u0117 priekyje.<\/p>\n<p>Dir\u017eas reguliuojamo ilgio, tod\u0117l pilv\u016bzin\u0119 gal\u0117site ne\u0161ioti tiek per kr\u016btin\u0119, tiek kaip krep\u0161\u012f ant klub\u0173. Dir\u017eo ilgis \u012fskai\u010diuojant ir pa\u010di\u0105 pilv\u016bzin\u0119 yra nuo 84 cm iki 122 cm.<\/p>\n<p>Dydis (gali \u0161iek tiek skirtis):<\/p>\n<p>Plotis (matuojama priekin\u0117 ki\u0161en\u0117): 23 cm<br \/>\nAuk\u0161tis: 14 cm<br \/>\nGylis: 8 cm<\/p>","protected":false},"excerpt":{"rendered":"<p>A colorful hip bag to accompany you in your daily activities. From partying, to walking your dog, it serves all the needs! It&#8217;s [&hellip;]<\/p>\n","protected":false},"featured_media":5388,"template":"","meta":{"_acf_changed":false,"_monsterinsights_skip_tracking":false,"_monsterinsights_sitenote_active":false,"_monsterinsights_sitenote_note":"","_monsterinsights_sitenote_category":0},"product_brand":[],"product_cat":[74,106,93],"product_tag":[30,38,66],"class_list":{"0":"post-2897","1":"product","2":"type-product","3":"status-publish","4":"has-post-thumbnail","6":"product_cat-accessories","7":"product_cat-products-of-reused-fabric","8":"product_cat-spacious-waist-bags","9":"product_tag-casual","10":"product_tag-outdoor","11":"product_tag-unisex","13":"first","14":"outofstock","15":"shipping-taxable","16":"purchasable","17":"product-type-simple"},"acf":[],"aioseo_notices":[],"_links":{"self":[{"href":"https:\/\/drinbags.com\/lt\/wp-json\/wp\/v2\/product\/2897","targetHints":{"allow":["GET"]}}],"collection":[{"href":"https:\/\/drinbags.com\/lt\/wp-json\/wp\/v2\/product"}],"about":[{"href":"https:\/\/drinbags.com\/lt\/wp-json\/wp\/v2\/types\/product"}],"wp:featuredmedia":[{"embeddable":true,"href":"https:\/\/drinbags.com\/lt\/wp-json\/wp\/v2\/media\/5388"}],"wp:attachment":[{"href":"https:\/\/drinbags.com\/lt\/wp-json\/wp\/v2\/media?parent=2897"}],"wp:term":[{"taxonomy":"product_brand","embeddable":true,"href":"https:\/\/drinbags.com\/lt\/wp-json\/wp\/v2\/product_brand?post=2897"},{"taxonomy":"product_cat","embeddable":true,"href":"https:\/\/drinbags.com\/lt\/wp-json\/wp\/v2\/product_cat?post=2897"},{"taxonomy":"product_tag","embeddable":true,"href":"https:\/\/drinbags.com\/lt\/wp-json\/wp\/v2\/product_tag?post=2897"}],"curies":[{"name":"wp","href":"https:\/\/api.w.org\/{rel}","templated":true}]}}