{"id":3040,"date":"2021-07-24T16:41:47","date_gmt":"2021-07-24T13:41:47","guid":{"rendered":"https:\/\/drinbags.com\/?post_type=product&#038;p=3040"},"modified":"2022-08-31T14:32:27","modified_gmt":"2022-08-31T11:32:27","slug":"backpack-magic-2","status":"publish","type":"product","link":"https:\/\/drinbags.com\/lt\/shop\/backpacks\/backpack-magic-2\/","title":{"rendered":"Kuprin\u0117 MAGIJA"},"content":{"rendered":"<p>Kuprin\u0117 stilingam gyvenimo b\u016bdui.<\/p>\n<p>\u25aa Trys skyriai. Ki\u0161en\u0117 priekyje, pagrindinis skyrius ir ki\u0161en\u0117 nugaroje, kad vertingiausi daiktai b\u016bt\u0173 pasiekiami tik jums ir gal\u0117tum\u0117te jaustis saugiai.<br \/>\n\u25aa Pagrindinio skyriaus pamu\u0161alas yra tokio pat ra\u0161to kaip ki\u0161en\u0117s med\u017eiaga.<br \/>\n\u25aa Dvi ki\u0161en\u0117s su u\u017etrauktukais.<br \/>\n\u25aa Pagrindinis skyrius susivynioja ir yra u\u017esegamas.<br \/>\n\u25aa Pamink\u0161tintos, reguliuojamo dyd\u017eio petne\u0161os suteiks patogumo.<br \/>\n\u25aa Roll top u\u017edarymas - kuprin\u0117s dydis reguliuojamas. Ne\u0161ate ma\u017eiau daikt\u0173 - kuprin\u0117s vir\u0161us suvyniotas. Gr\u012f\u017etate i\u0161 parduotuv\u0117s - kuprin\u0117 tampa talpi.<br \/>\n\u25aa Kuprin\u0117 puikiai susipakuoja ir neu\u017eima daug vietos, tod\u0117l puikiai tinka pasiimti su savimi \u012f visas keliones!<br \/>\n\u25aa Labai \u0161velni med\u017eiaga - malonumas liesti!<\/p>\n<p><strong>LARGE - telpa daug daikt\u0173, ypa\u010d tinka kelion\u0117ms l\u0117ktuvu<br \/>\n<\/strong><\/p>\n<p>Kuprin\u0117s dydis varijuoja nuo 15 iki 22 litr\u0173, priklausomai, kiek i\u0161vyniojate.<\/p>\n<p>I\u0161matavimai: Auk\u0161tis: 40cm (+20 cm), Plotis 31 cm, Gylis: 11 cm<\/p>\n<p>&nbsp;<\/p>\n<p>*Kiekviena kuprin\u0117 pagaminta rankomis, tad i\u0161matavimai gali \u0161iek tiek varijuoti.<\/p>\n<p class=\"translation-block\">Pasi\u016bta su meile, pagal j\u016bs\u0173 poreikius.<\/p>","protected":false},"excerpt":{"rendered":"<div style=\"width: 1170px;\" class=\"wp-video\"><video class=\"wp-video-shortcode\" id=\"video-3040-1\" width=\"1170\" height=\"1170\" preload=\"metadata\" controls=\"controls\"><source type=\"video\/mp4\" src=\"https:\/\/drinbags.com\/wp-content\/uploads\/2021\/12\/ezgif.com-gif-maker.mp4?_=1\" \/><a href=\"https:\/\/drinbags.com\/wp-content\/uploads\/2021\/12\/ezgif.com-gif-maker.mp4\">https:\/\/drinbags.com\/wp-content\/uploads\/2021\/12\/ezgif.com-gif-maker.mp4<\/a><\/video><\/div>","protected":false},"featured_media":3004,"template":"","meta":{"_acf_changed":false,"_monsterinsights_skip_tracking":false,"_monsterinsights_sitenote_active":false,"_monsterinsights_sitenote_note":"","_monsterinsights_sitenote_category":0},"product_brand":[],"product_cat":[75],"product_tag":[],"class_list":{"0":"post-3040","1":"product","2":"type-product","3":"status-publish","4":"has-post-thumbnail","6":"product_cat-backpacks","8":"first","9":"outofstock","10":"shipping-taxable","11":"purchasable","12":"product-type-simple"},"acf":[],"aioseo_notices":[],"_links":{"self":[{"href":"https:\/\/drinbags.com\/lt\/wp-json\/wp\/v2\/product\/3040","targetHints":{"allow":["GET"]}}],"collection":[{"href":"https:\/\/drinbags.com\/lt\/wp-json\/wp\/v2\/product"}],"about":[{"href":"https:\/\/drinbags.com\/lt\/wp-json\/wp\/v2\/types\/product"}],"wp:featuredmedia":[{"embeddable":true,"href":"https:\/\/drinbags.com\/lt\/wp-json\/wp\/v2\/media\/3004"}],"wp:attachment":[{"href":"https:\/\/drinbags.com\/lt\/wp-json\/wp\/v2\/media?parent=3040"}],"wp:term":[{"taxonomy":"product_brand","embeddable":true,"href":"https:\/\/drinbags.com\/lt\/wp-json\/wp\/v2\/product_brand?post=3040"},{"taxonomy":"product_cat","embeddable":true,"href":"https:\/\/drinbags.com\/lt\/wp-json\/wp\/v2\/product_cat?post=3040"},{"taxonomy":"product_tag","embeddable":true,"href":"https:\/\/drinbags.com\/lt\/wp-json\/wp\/v2\/product_tag?post=3040"}],"curies":[{"name":"wp","href":"https:\/\/api.w.org\/{rel}","templated":true}]}}