{"id":3359,"date":"2021-12-05T16:07:42","date_gmt":"2021-12-05T14:07:42","guid":{"rendered":"https:\/\/drinbags.com\/?post_type=product&#038;p=3359"},"modified":"2025-09-07T22:54:04","modified_gmt":"2025-09-07T19:54:04","slug":"backpack-sunny-sea-2","status":"publish","type":"product","link":"https:\/\/drinbags.com\/lt\/shop\/backpacks\/backpack-sunny-sea-2\/","title":{"rendered":"Neper\u0161lampama kuprin\u0117 SAUL\u0116TA J\u016aRA"},"content":{"rendered":"<p>Kuprin\u0117 stilingam gyvenimo b\u016bdui.<\/p>\n<p>\u25aa\u00a0Three compartments. Main section, one colorful pocket in front and one secret pocket from the back. The lining is black cotton.<br \/>\n\u25aa Dvi ki\u0161en\u0117s su u\u017etrauktukais.<br \/>\n\u25aa Pagrindinis skyrius susivynioja ir yra u\u017esegamas.<br \/>\n\u25aa Pamink\u0161tintos, reguliuojamo dyd\u017eio petne\u0161os suteiks patogumo.<br \/>\n\u25aa Roll top u\u017edarymas - kuprin\u0117s dydis reguliuojamas. Ne\u0161ate ma\u017eiau daikt\u0173 - kuprin\u0117s vir\u0161us suvyniotas. Gr\u012f\u017etate i\u0161 parduotuv\u0117s - kuprin\u0117 tampa talpi.<br \/>\n\u25aa Kuprin\u0117 puikiai susipakuoja ir neu\u017eima daug vietos, tod\u0117l puikiai tinka pasiimti su savimi \u012f visas keliones!<br \/>\n\u25aa Pasi\u016bta i\u0161 impregnuoto audinio, tad kuprin\u0117 yra atspari vandeniui.<\/p>\n<p><strong>MEDIUM - kasdieniam naudojimui, kompiuteriui<\/strong><\/p>\n<p>Kuprin\u0117s dydis varijuoja nuo 10 iki 16 litr\u0173, priklausomai, kiek i\u0161vyniojate.<\/p>\n<p>I\u0161matavimai: Auk\u0161tis: 37 cm (+18 cm), Plotis: 28 cm, Gylis: 10 cm<\/p>\n<p>&nbsp;<\/p>\n<p>*Kiekviena kuprin\u0117 pagaminta rankomis, tad i\u0161matavimai gali \u0161iek tiek varijuoti.<\/p>\n<p class=\"translation-block\">Pasi\u016bta su meile, pagal j\u016bs\u0173 poreikius.<\/p>","protected":false},"excerpt":{"rendered":"<div style=\"width: 1170px;\" class=\"wp-video\"><video class=\"wp-video-shortcode\" id=\"video-3359-1\" width=\"1170\" height=\"1170\" preload=\"metadata\" controls=\"controls\"><source type=\"video\/mp4\" src=\"https:\/\/drinbags.com\/wp-content\/uploads\/2021\/12\/mp4-3.mp4?_=1\" \/><a href=\"https:\/\/drinbags.com\/wp-content\/uploads\/2021\/12\/mp4-3.mp4\">https:\/\/drinbags.com\/wp-content\/uploads\/2021\/12\/mp4-3.mp4<\/a><\/video><\/div>","protected":false},"featured_media":2611,"template":"","meta":{"_acf_changed":false,"_monsterinsights_skip_tracking":false,"_monsterinsights_sitenote_active":false,"_monsterinsights_sitenote_note":"","_monsterinsights_sitenote_category":0},"product_brand":[],"product_cat":[75,121],"product_tag":[],"class_list":{"0":"post-3359","1":"product","2":"type-product","3":"status-publish","4":"has-post-thumbnail","6":"product_cat-backpacks","7":"product_cat-old-model","9":"first","10":"instock","11":"shipping-taxable","12":"purchasable","13":"product-type-simple"},"acf":[],"aioseo_notices":[],"_links":{"self":[{"href":"https:\/\/drinbags.com\/lt\/wp-json\/wp\/v2\/product\/3359","targetHints":{"allow":["GET"]}}],"collection":[{"href":"https:\/\/drinbags.com\/lt\/wp-json\/wp\/v2\/product"}],"about":[{"href":"https:\/\/drinbags.com\/lt\/wp-json\/wp\/v2\/types\/product"}],"wp:featuredmedia":[{"embeddable":true,"href":"https:\/\/drinbags.com\/lt\/wp-json\/wp\/v2\/media\/2611"}],"wp:attachment":[{"href":"https:\/\/drinbags.com\/lt\/wp-json\/wp\/v2\/media?parent=3359"}],"wp:term":[{"taxonomy":"product_brand","embeddable":true,"href":"https:\/\/drinbags.com\/lt\/wp-json\/wp\/v2\/product_brand?post=3359"},{"taxonomy":"product_cat","embeddable":true,"href":"https:\/\/drinbags.com\/lt\/wp-json\/wp\/v2\/product_cat?post=3359"},{"taxonomy":"product_tag","embeddable":true,"href":"https:\/\/drinbags.com\/lt\/wp-json\/wp\/v2\/product_tag?post=3359"}],"curies":[{"name":"wp","href":"https:\/\/api.w.org\/{rel}","templated":true}]}}