{"id":3610,"date":"2022-04-08T08:57:41","date_gmt":"2022-04-08T05:57:41","guid":{"rendered":"https:\/\/drinbags.com\/?post_type=product&#038;p=3610"},"modified":"2023-10-16T08:26:26","modified_gmt":"2023-10-16T05:26:26","slug":"custom-dog-friendly-waist-bag-choose-your-color-match","status":"publish","type":"product","link":"https:\/\/drinbags.com\/lt\/shop\/dog-friendly-waist-bag\/custom-dog-friendly-waist-bag-choose-your-color-match\/","title":{"rendered":"Skan\u0117stin\u0117 - spalvas i\u0161sirink TU"},"content":{"rendered":"<p>Itin talpi skan\u0117stin\u0117 aktyviems \u0161eimininkams. Pabodo i\u0161 ki\u0161eni\u0173 byrantys skan\u0117stai? Telefonas ir v\u0117l pilnas trupini\u0173?<br \/>\nSu skan\u0117stine pamir\u0161ite \u0161ias problemas!<\/p>\n<p>Skan\u0117stin\u0117 turi dvi ki\u0161enes:<\/p>\n<ul>\n<li>Pagrindin\u0119, itin talpi\u0105, kurioje tilps \u012fvairi\u0173 r\u016b\u0161i\u0173 skan\u0117stai.<\/li>\n<li>Ma\u017eesn\u0119 ki\u0161en\u0119 priekyje, kurioje saugiai laikomi \u0161eimininko daiktai.<\/li>\n<\/ul>\n<p><strong>Atisbodo bly\u0161kios spalvos? Nori ka\u017eko unikalaus? Ar esi pasirengusi (-\u0119s) i\u0161sirinkti savo spalv\u0173 derin\u012f?<\/strong><\/p>\n<ol>\n<li>Pasirink pagrindin\u0119 neper\u0161lampamos med\u017eiagos spalv\u0105 pilv\u016bzinei.<\/li>\n<li class=\"translation-block\">I\u0161sirink antr\u0105 spalv\u0105 - ji taps pilv\u016bzin\u0117s priekine ki\u0161ene. Beje, gali rinktis ir kit\u0105 vienspalv\u0119 med\u017eiag\u0105.<\/li>\n<li>Gali para\u0161yti man \u012f pa\u0161t\u0105 (info@drinbags.com) arba Facebook \/ Instagram \u017einut\u0119, jeigu reik\u0117s pad\u0117ti apsispr\u0119sti d\u0117l pasirinkim\u0173. Gal\u0117siu atsi\u0173sti nuotraukas, kaip atrodys kartu Tavo pasirinktos spalvos, bus lengviau apsispr\u0119sti! (:<\/li>\n<\/ol>\n<p>Dir\u017eas reguliuojamo ilgio, tod\u0117l rankin\u0119 gal\u0117site ne\u0161ioti tiek ant liemens, tiek per kr\u016btin\u0119. Dir\u017eo ilgis \u012fskai\u010diuojant ir pa\u010di\u0105 pilv\u016bzin\u0119 yra iki 122 cm. <strong>Jeigu reikia ilgesnio dir\u017eo, para\u0161yk man!<\/strong><\/p>\n<p>Skan\u0117stin\u0117 pasi\u016bta i\u0161 vandeniui atsparios med\u017eiagos.<\/p>\n<p>Dydis (gali \u0161iek tiek skirtis):<\/p>\n<p>Plotis (matuojama priekin\u0117 ki\u0161en\u0117): 23 cm<br \/>\nAuk\u0161tis: 14 cm<br \/>\nGylis: 8 cm<\/p>\n<p>Prie\u017ei\u016bra. Geriausia skan\u0117stin\u0119 i\u0161valyti su dr\u0117gna kempin\u0117le ar skudur\u0117liu. Skalbti skalbimo ma\u0161inoje galima, ta\u010diau reikia tur\u0117ti omenyje, jog ma\u017e\u0117ja jos atsparumas vandeniui.<\/p>","protected":false},"excerpt":{"rendered":"<div style=\"width: 1080px;\" class=\"wp-video\"><video class=\"wp-video-shortcode\" id=\"video-3610-1\" width=\"1080\" height=\"1080\" preload=\"metadata\" controls=\"controls\"><source type=\"video\/mp4\" src=\"http:\/\/drinbags.com\/wp-content\/uploads\/2022\/09\/IMG_6188_1.mp4?_=1\" \/><a href=\"http:\/\/drinbags.com\/wp-content\/uploads\/2022\/09\/IMG_6188_1.mp4\">http:\/\/drinbags.com\/wp-content\/uploads\/2022\/09\/IMG_6188_1.mp4<\/a><\/video><\/div>","protected":false},"featured_media":6021,"template":"","meta":{"_acf_changed":false,"_monsterinsights_skip_tracking":false,"_monsterinsights_sitenote_active":false,"_monsterinsights_sitenote_note":"","_monsterinsights_sitenote_category":0},"product_brand":[],"product_cat":[91],"product_tag":[],"class_list":{"0":"post-3610","1":"product","2":"type-product","3":"status-publish","4":"has-post-thumbnail","6":"product_cat-dog-friendly-waist-bag","8":"first","9":"instock","10":"shipping-taxable","11":"purchasable","12":"product-type-variable"},"acf":[],"aioseo_notices":[],"_links":{"self":[{"href":"https:\/\/drinbags.com\/lt\/wp-json\/wp\/v2\/product\/3610","targetHints":{"allow":["GET"]}}],"collection":[{"href":"https:\/\/drinbags.com\/lt\/wp-json\/wp\/v2\/product"}],"about":[{"href":"https:\/\/drinbags.com\/lt\/wp-json\/wp\/v2\/types\/product"}],"wp:featuredmedia":[{"embeddable":true,"href":"https:\/\/drinbags.com\/lt\/wp-json\/wp\/v2\/media\/6021"}],"wp:attachment":[{"href":"https:\/\/drinbags.com\/lt\/wp-json\/wp\/v2\/media?parent=3610"}],"wp:term":[{"taxonomy":"product_brand","embeddable":true,"href":"https:\/\/drinbags.com\/lt\/wp-json\/wp\/v2\/product_brand?post=3610"},{"taxonomy":"product_cat","embeddable":true,"href":"https:\/\/drinbags.com\/lt\/wp-json\/wp\/v2\/product_cat?post=3610"},{"taxonomy":"product_tag","embeddable":true,"href":"https:\/\/drinbags.com\/lt\/wp-json\/wp\/v2\/product_tag?post=3610"}],"curies":[{"name":"wp","href":"https:\/\/api.w.org\/{rel}","templated":true}]}}