{"id":3794,"date":"2022-08-02T12:22:06","date_gmt":"2022-08-02T09:22:06","guid":{"rendered":"https:\/\/drinbags.com\/?post_type=product&#038;p=3794"},"modified":"2024-11-05T15:35:25","modified_gmt":"2024-11-05T13:35:25","slug":"classic_with_colors","status":"publish","type":"product","link":"https:\/\/drinbags.com\/lt\/shop\/classic-waist-bags\/classic_with_colors\/","title":{"rendered":"Klasikin\u0117 pilv\u016bzin\u0117 su spalvota ki\u0161ene"},"content":{"rendered":"<p>Klasikin\u0117 juosmens rankin\u0117 lyd\u0117s jus visur - tiek ved\u017eiojant \u0161un\u012f, tiek vakar\u0117liuose !<\/p>\n<p>Atisbodo bly\u0161kios spalvos? Nori ka\u017eko unikalaus? Ar esi pasirengusi (-\u0119s) i\u0161sirinkti savo spalv\u0173 derin\u012f?<\/p>\n<ol>\n<li>Pasirink pagrindin\u0119 neper\u0161lampamos med\u017eiagos spalv\u0105 pilv\u016bzinei.<\/li>\n<li>I\u0161sirink antr\u0105 spalv\u0105 - ji taps pilv\u016bzin\u0117s priekine ki\u0161ene. Beje, gali rinktis ir kit\u0105 vienspalv\u0119 neper\u0161lampam\u0105 med\u017eiag\u0105.<\/li>\n<li>Gali para\u0161yti man \u012f pa\u0161t\u0105 (info@drinbags.com) arba Facebook \/ Instagram \u017einut\u0119, jeigu reik\u0117s pad\u0117ti apsispr\u0119sti d\u0117l pasirinkim\u0173. Gal\u0117siu atsi\u0173sti nuotraukas, kaip atrodys kartu Tavo pasirinktos spalvos, bus lengviau apsispr\u0119sti! (:<\/li>\n<\/ol>\n<p>Pilv\u016bzin\u0119 sudaro du skyriai - pagrindinis, didysis skyrius ir ki\u0161en\u0117 priekyje.<\/p>\n<p>Dir\u017eas reguliuojamo ilgio, tod\u0117l rankin\u0119 gal\u0117site ne\u0161ioti tiek ant liemens, tiek per kr\u016btin\u0119.<\/p>\n<p><strong>Dydis:<\/strong><\/p>\n<p>U\u017etrauktuk\u0173 ilgis 20 cm ir 31 cm.<\/p>\n<p class=\"translation-block\">Dir\u017eo ilgis \u012fskai\u010diuojant ir pa\u010di\u0105 rankin\u0119 yra iki 115 cm. Jeigu reikia ilgesnio dir\u017eo - para\u0161yk man!<\/p>\n<p><em>*Dyd\u017eiai gali \u0161iek tiek skirtis, nes kiekviena pilv\u016bzin\u0117 yra rank\u0173 darbo. :)<\/em><\/p>","protected":false},"excerpt":{"rendered":"<p>A classic style hip bag will accompany you in your daily activities. From partying and traveling, to hiking or walking your dog, it [&hellip;]<\/p>","protected":false},"featured_media":3819,"template":"","meta":{"_acf_changed":false,"_monsterinsights_skip_tracking":false,"_monsterinsights_sitenote_active":false,"_monsterinsights_sitenote_note":"","_monsterinsights_sitenote_category":0},"product_brand":[],"product_cat":[92],"product_tag":[],"class_list":{"0":"post-3794","1":"product","2":"type-product","3":"status-publish","4":"has-post-thumbnail","6":"product_cat-classic-waist-bags","8":"first","9":"instock","10":"shipping-taxable","11":"purchasable","12":"product-type-variable"},"acf":[],"aioseo_notices":[],"_links":{"self":[{"href":"https:\/\/drinbags.com\/lt\/wp-json\/wp\/v2\/product\/3794","targetHints":{"allow":["GET"]}}],"collection":[{"href":"https:\/\/drinbags.com\/lt\/wp-json\/wp\/v2\/product"}],"about":[{"href":"https:\/\/drinbags.com\/lt\/wp-json\/wp\/v2\/types\/product"}],"wp:featuredmedia":[{"embeddable":true,"href":"https:\/\/drinbags.com\/lt\/wp-json\/wp\/v2\/media\/3819"}],"wp:attachment":[{"href":"https:\/\/drinbags.com\/lt\/wp-json\/wp\/v2\/media?parent=3794"}],"wp:term":[{"taxonomy":"product_brand","embeddable":true,"href":"https:\/\/drinbags.com\/lt\/wp-json\/wp\/v2\/product_brand?post=3794"},{"taxonomy":"product_cat","embeddable":true,"href":"https:\/\/drinbags.com\/lt\/wp-json\/wp\/v2\/product_cat?post=3794"},{"taxonomy":"product_tag","embeddable":true,"href":"https:\/\/drinbags.com\/lt\/wp-json\/wp\/v2\/product_tag?post=3794"}],"curies":[{"name":"wp","href":"https:\/\/api.w.org\/{rel}","templated":true}]}}