{"id":3853,"date":"2022-08-26T10:50:50","date_gmt":"2022-08-26T07:50:50","guid":{"rendered":"https:\/\/drinbags.com\/?post_type=product&#038;p=3853"},"modified":"2023-08-20T20:16:25","modified_gmt":"2023-08-20T17:16:25","slug":"wallet-animals","status":"publish","type":"product","link":"https:\/\/drinbags.com\/lt\/shop\/accessories\/wallet-animals\/","title":{"rendered":"Keliautoj\u0173 pinigin\u0117 GYV\u016aN\u0116LIAI"},"content":{"rendered":"<p>Nedidel\u0117 pinigin\u0117 kasdienai arba kelion\u0117ms.<\/p>\n<p>Du skyriai - vienas kortel\u0117ms, u\u017esegamas spaude.<\/p>\n<p>Kitas - kupi\u016broms ir monetoms, u\u017esegamas u\u017etrauktuku.<\/p>\n<p>Pamu\u0161alas - juoda medviln\u0117.<\/p>\n<p>Pirkdami \u0161\u012f produkt\u0105 \u012fsigysite pinigin\u0119, esan\u010di\u0105 pirmoje nuotraukoje!<\/p>\n<p>U\u017edarytos pinigin\u0117s dydis 12 cm x 8 cm.<\/p>","protected":false},"excerpt":{"rendered":"<p>Little wallet for everyday needs or traveling light. There are two sections \u2013 one for cards, closed with metal press button. Another one [&hellip;]<\/p>","protected":false},"featured_media":3754,"template":"","meta":{"_acf_changed":false,"_monsterinsights_skip_tracking":false,"_monsterinsights_sitenote_active":false,"_monsterinsights_sitenote_note":"","_monsterinsights_sitenote_category":0},"product_brand":[],"product_cat":[74,103],"product_tag":[],"class_list":{"0":"post-3853","1":"product","2":"type-product","3":"status-publish","4":"has-post-thumbnail","6":"product_cat-accessories","7":"product_cat-wallets","9":"first","10":"outofstock","11":"shipping-taxable","12":"purchasable","13":"product-type-simple"},"acf":[],"aioseo_notices":[],"_links":{"self":[{"href":"https:\/\/drinbags.com\/lt\/wp-json\/wp\/v2\/product\/3853","targetHints":{"allow":["GET"]}}],"collection":[{"href":"https:\/\/drinbags.com\/lt\/wp-json\/wp\/v2\/product"}],"about":[{"href":"https:\/\/drinbags.com\/lt\/wp-json\/wp\/v2\/types\/product"}],"wp:featuredmedia":[{"embeddable":true,"href":"https:\/\/drinbags.com\/lt\/wp-json\/wp\/v2\/media\/3754"}],"wp:attachment":[{"href":"https:\/\/drinbags.com\/lt\/wp-json\/wp\/v2\/media?parent=3853"}],"wp:term":[{"taxonomy":"product_brand","embeddable":true,"href":"https:\/\/drinbags.com\/lt\/wp-json\/wp\/v2\/product_brand?post=3853"},{"taxonomy":"product_cat","embeddable":true,"href":"https:\/\/drinbags.com\/lt\/wp-json\/wp\/v2\/product_cat?post=3853"},{"taxonomy":"product_tag","embeddable":true,"href":"https:\/\/drinbags.com\/lt\/wp-json\/wp\/v2\/product_tag?post=3853"}],"curies":[{"name":"wp","href":"https:\/\/api.w.org\/{rel}","templated":true}]}}