{"id":4172,"date":"2022-12-12T10:53:33","date_gmt":"2022-12-12T08:53:33","guid":{"rendered":"https:\/\/drinbags.com\/?post_type=product&#038;p=4172"},"modified":"2023-10-16T08:18:06","modified_gmt":"2023-10-16T05:18:06","slug":"gift-card","status":"publish","type":"product","link":"https:\/\/drinbags.com\/lt\/shop\/classic-waist-bags\/gift-card\/","title":{"rendered":"Dovan\u0173 kuponas JUOSMENS RANKIINEI"},"content":{"rendered":"<p>Pristatome Juosmens Rankin\u0117s dovan\u0173 kupon\u0105!<\/p>\n<p class=\"translation-block\">Sunku nuspr\u0119sti, kurios juosmens rankini\u0117s draug\u0105\/\u0119 prad\u017eiugint\u0173 labiausiai? \ud83d\ude36\u200d\ud83c\udf2b\ufe0f <strong>Leiskite nuspr\u0119sti jai\/jam!<\/strong> \ud83e\udd29<\/p>\n<p class=\"translation-block\">Vos u\u017e 39 eu <strong>palepink savo draug\u0105 skaitmeniniu dovan\u0173 kuponu<\/strong>, kuris suteiks laisv\u0119 i\u0161sirinkti pa\u010di\u0105 mieliausi\u0105 juosmens rankin\u0119. Siuntimas \u012fskai\u010diuotas!<\/p>\n<p><strong>\u0160tai kaip tai veikia:<\/strong>:<\/p>\n<ol>\n<li class=\"translation-block\"><strong>\u012esigyk<\/strong> Juosmens Rankin\u0117s dovan\u0173 kupon\u0105.<\/li>\n<li class=\"translation-block\">24 valand\u0173 b\u0117gyje gausi <strong>elektronin\u012f dovan\u0173 kupon\u0105 \u012f savo el. pa\u0161to d\u0117\u017eut\u0119<\/strong>.<\/li>\n<li>Jei nori, kad dovan\u0173 kuponas b\u016bt\u0173 i\u0161si\u0173stas tiesiai j\u016bs\u0173 draugui, pirkimo metu komentar\u0173 laukelyje tiesiog nurodyk jo el. pa\u0161to adres\u0105.<\/li>\n<li class=\"translation-block\">Tavo draugas tur\u0117s prog\u0105 <strong> i\u0161sirinkti gra\u017eiausi\u0105 juosmens rankin\u0119<\/strong> ir panaudoti dovan\u0173 kupono nuolaidos kod\u0105.<\/li>\n<li class=\"translation-block\">Dovan\u0173 kuponas bus aktyvus <strong>6 m\u0117nesius<\/strong> nuo \u012fsigijimo datos. \ud83d\udc4f<\/li>\n<\/ol>\n<p class=\"translation-block\"><strong>Lai negal\u0117jimas nuspr\u0119sti - netampa prie\u017eastimi nedovanoti i\u0161 viso!<\/strong> \ud83c\udf81 \u012esigykite Juosmens rankin\u0117s dovan\u0173 kupon\u0105 \u0161iandien ir leiskite savo draugui i\u0161sirinkti prie jos\/jo stiliaus idealiai tinkant\u012f i\u0161skirtin\u012f aksesuar\u0105. \ud83d\udc9b<\/p>\n<p>&nbsp;<\/p>","protected":false},"excerpt":{"rendered":"<p>Introducing the Waist Bag Gift Card! Struggling to find the perfect color for your friend&#8217;s waist bag? \ud83d\ude36\u200d\ud83c\udf2b\ufe0f No worries, let them decide! [&hellip;]<\/p>","protected":false},"featured_media":5397,"template":"","meta":{"_acf_changed":false,"_monsterinsights_skip_tracking":false,"_monsterinsights_sitenote_active":false,"_monsterinsights_sitenote_note":"","_monsterinsights_sitenote_category":0},"product_brand":[],"product_cat":[92,123,93],"product_tag":[],"class_list":{"0":"post-4172","1":"product","2":"type-product","3":"status-publish","4":"has-post-thumbnail","6":"product_cat-classic-waist-bags","7":"product_cat-gift-card","8":"product_cat-spacious-waist-bags","10":"first","11":"instock","12":"virtual","13":"purchasable","14":"product-type-simple"},"acf":[],"aioseo_notices":[],"_links":{"self":[{"href":"https:\/\/drinbags.com\/lt\/wp-json\/wp\/v2\/product\/4172","targetHints":{"allow":["GET"]}}],"collection":[{"href":"https:\/\/drinbags.com\/lt\/wp-json\/wp\/v2\/product"}],"about":[{"href":"https:\/\/drinbags.com\/lt\/wp-json\/wp\/v2\/types\/product"}],"wp:featuredmedia":[{"embeddable":true,"href":"https:\/\/drinbags.com\/lt\/wp-json\/wp\/v2\/media\/5397"}],"wp:attachment":[{"href":"https:\/\/drinbags.com\/lt\/wp-json\/wp\/v2\/media?parent=4172"}],"wp:term":[{"taxonomy":"product_brand","embeddable":true,"href":"https:\/\/drinbags.com\/lt\/wp-json\/wp\/v2\/product_brand?post=4172"},{"taxonomy":"product_cat","embeddable":true,"href":"https:\/\/drinbags.com\/lt\/wp-json\/wp\/v2\/product_cat?post=4172"},{"taxonomy":"product_tag","embeddable":true,"href":"https:\/\/drinbags.com\/lt\/wp-json\/wp\/v2\/product_tag?post=4172"}],"curies":[{"name":"wp","href":"https:\/\/api.w.org\/{rel}","templated":true}]}}