{"id":4292,"date":"2023-01-10T13:19:09","date_gmt":"2023-01-10T11:19:09","guid":{"rendered":"https:\/\/drinbags.com\/?post_type=product&#038;p=4292"},"modified":"2023-10-16T08:12:38","modified_gmt":"2023-10-16T05:12:38","slug":"waterproof-classic-waist-bag-black","status":"publish","type":"product","link":"https:\/\/drinbags.com\/lt\/shop\/accessories\/waterproof-classic-waist-bag-black\/","title":{"rendered":"Neper\u0161lampama pilv\u016bzin\u0117 JUODA"},"content":{"rendered":"<p>Klasikin\u0117 juosmens rankin\u0117 lyd\u0117s jus visur - tiek ved\u017eiojant \u0161un\u012f, tiek vakar\u0117liuose !<\/p>\n<p>Pilv\u016bzin\u0117 yra pagaminta i\u0161 impregnuoto polyesterio, tod\u0117l yra atspari vandeniui.<\/p>\n<p>Dir\u017eas reguliuojamo ilgio, tod\u0117l rankin\u0119 gal\u0117site ne\u0161ioti tiek ant liemens, tiek per kr\u016btin\u0119.<\/p>\n<p><strong>Dydis:<\/strong><\/p>\n<p>U\u017etrauktuk\u0173 ilgis 20 cm ir 31 cm.<\/p>\n<p class=\"translation-block\">Dir\u017eo ilgis \u012fskai\u010diuojant ir pa\u010di\u0105 rankin\u0119 yra iki 115 cm. <strong>Jeigu reikia ilgesnio dir\u017eo - para\u0161yk man!<\/strong><\/p>\n<p><em>*Dyd\u017eiai gali \u0161iek tiek skirtis, nes kiekviena pilv\u016bzin\u0117 yra rank\u0173 darbo. :)<\/em><\/p>","protected":false},"excerpt":{"rendered":"<p>A classic style hip bag will accompany you in your daily activities. From partying and traveling, to hiking or walking your dog, it [&hellip;]<\/p>","protected":false},"featured_media":5339,"template":"","meta":{"_acf_changed":false,"_monsterinsights_skip_tracking":false,"_monsterinsights_sitenote_active":false,"_monsterinsights_sitenote_note":"","_monsterinsights_sitenote_category":0},"product_brand":[],"product_cat":[74,92],"product_tag":[84,86,85,82],"class_list":{"0":"post-4292","1":"product","2":"type-product","3":"status-publish","4":"has-post-thumbnail","6":"product_cat-accessories","7":"product_cat-classic-waist-bags","8":"product_tag-belt-bag","9":"product_tag-fanny-pack","10":"product_tag-hip-bag","11":"product_tag-waist-bag","13":"first","14":"instock","15":"shipping-taxable","16":"purchasable","17":"product-type-simple"},"acf":[],"aioseo_notices":[],"_links":{"self":[{"href":"https:\/\/drinbags.com\/lt\/wp-json\/wp\/v2\/product\/4292","targetHints":{"allow":["GET"]}}],"collection":[{"href":"https:\/\/drinbags.com\/lt\/wp-json\/wp\/v2\/product"}],"about":[{"href":"https:\/\/drinbags.com\/lt\/wp-json\/wp\/v2\/types\/product"}],"wp:featuredmedia":[{"embeddable":true,"href":"https:\/\/drinbags.com\/lt\/wp-json\/wp\/v2\/media\/5339"}],"wp:attachment":[{"href":"https:\/\/drinbags.com\/lt\/wp-json\/wp\/v2\/media?parent=4292"}],"wp:term":[{"taxonomy":"product_brand","embeddable":true,"href":"https:\/\/drinbags.com\/lt\/wp-json\/wp\/v2\/product_brand?post=4292"},{"taxonomy":"product_cat","embeddable":true,"href":"https:\/\/drinbags.com\/lt\/wp-json\/wp\/v2\/product_cat?post=4292"},{"taxonomy":"product_tag","embeddable":true,"href":"https:\/\/drinbags.com\/lt\/wp-json\/wp\/v2\/product_tag?post=4292"}],"curies":[{"name":"wp","href":"https:\/\/api.w.org\/{rel}","templated":true}]}}