{"id":4429,"date":"2023-01-30T10:16:18","date_gmt":"2023-01-30T08:16:18","guid":{"rendered":"https:\/\/drinbags.com\/?post_type=product&#038;p=4429"},"modified":"2023-10-16T08:20:29","modified_gmt":"2023-10-16T05:20:29","slug":"spacious-waist-bag-ribbon-of-love-blue","status":"publish","type":"product","link":"https:\/\/drinbags.com\/lt\/shop\/spacious-waist-bags\/spacious-waist-bag-ribbon-of-love-blue\/","title":{"rendered":"Talpi juosmens rankin\u0117 MEIL\u0116S KASPINAS | M\u0117lyna"},"content":{"rendered":"<p>Spalvota rankin\u0117 ant juosmens lyd\u0117s jus visur - tiek ved\u017eiojant \u0161un\u012f, tiek vakar\u0117liuose ! Joje telpa viskas, ko gali prireikti, netgi 0,5 l vandens buteliukas.<\/p>\n<p>Pilv\u016bzin\u0119 sudaro du skyriai - pagrindinis, didysis skyrius ir ki\u0161en\u0117 priekyje.<\/p>\n<p class=\"translation-block\">Dir\u017eas reguliuojamo ilgio, tod\u0117l pilv\u016bzin\u0119 gal\u0117site ne\u0161ioti tiek ant liemens, tiek per kr\u016btin\u0119. Dir\u017eo ilgis \u012fskai\u010diuojant ir pa\u010di\u0105 pilv\u016bzin\u0119 yra iki 122 cm. <strong>Jeigu reikia ilgesnio dir\u017eo - para\u0161yk man. Tikrai ne b\u0117da!<\/strong><\/p>\n<p>Dydis (gali \u0161iek tiek skirtis):<\/p>\n<p>Plotis (matuojama priekin\u0117 ki\u0161en\u0117): 23 cm<br \/>\nAuk\u0161tis: 14 cm<br \/>\nGylis: 8 cm<\/p>","protected":false},"excerpt":{"rendered":"<p>A colorful hip bag to accompany you in your daily activities. From partying, to walking your dog, it serves all the needs! It&#8217;s [&hellip;]<\/p>\n","protected":false},"featured_media":4430,"template":"","meta":{"_acf_changed":false,"_monsterinsights_skip_tracking":false,"_monsterinsights_sitenote_active":false,"_monsterinsights_sitenote_note":"","_monsterinsights_sitenote_category":0},"product_brand":[],"product_cat":[93],"product_tag":[30,38,66],"class_list":{"0":"post-4429","1":"product","2":"type-product","3":"status-publish","4":"has-post-thumbnail","6":"product_cat-spacious-waist-bags","7":"product_tag-casual","8":"product_tag-outdoor","9":"product_tag-unisex","11":"first","12":"instock","13":"shipping-taxable","14":"purchasable","15":"product-type-simple"},"acf":[],"aioseo_notices":[],"_links":{"self":[{"href":"https:\/\/drinbags.com\/lt\/wp-json\/wp\/v2\/product\/4429","targetHints":{"allow":["GET"]}}],"collection":[{"href":"https:\/\/drinbags.com\/lt\/wp-json\/wp\/v2\/product"}],"about":[{"href":"https:\/\/drinbags.com\/lt\/wp-json\/wp\/v2\/types\/product"}],"wp:featuredmedia":[{"embeddable":true,"href":"https:\/\/drinbags.com\/lt\/wp-json\/wp\/v2\/media\/4430"}],"wp:attachment":[{"href":"https:\/\/drinbags.com\/lt\/wp-json\/wp\/v2\/media?parent=4429"}],"wp:term":[{"taxonomy":"product_brand","embeddable":true,"href":"https:\/\/drinbags.com\/lt\/wp-json\/wp\/v2\/product_brand?post=4429"},{"taxonomy":"product_cat","embeddable":true,"href":"https:\/\/drinbags.com\/lt\/wp-json\/wp\/v2\/product_cat?post=4429"},{"taxonomy":"product_tag","embeddable":true,"href":"https:\/\/drinbags.com\/lt\/wp-json\/wp\/v2\/product_tag?post=4429"}],"curies":[{"name":"wp","href":"https:\/\/api.w.org\/{rel}","templated":true}]}}