{"id":4568,"date":"2023-02-13T09:39:46","date_gmt":"2023-02-13T07:39:46","guid":{"rendered":"https:\/\/drinbags.com\/?post_type=product&#038;p=4568"},"modified":"2024-11-20T12:41:27","modified_gmt":"2024-11-20T10:41:27","slug":"dog-treat-bag-cherry","status":"publish","type":"product","link":"https:\/\/drinbags.com\/lt\/shop\/dog-friendly-waist-bag\/dog-treat-bag-cherry\/","title":{"rendered":"Skan\u0117stin\u0117 VY\u0160NIA"},"content":{"rendered":"<p>Itin talpi skan\u0117stin\u0117 aktyviems \u0161eimininkams. Pabodo i\u0161 ki\u0161eni\u0173 byrantys skan\u0117stai? Telefonas ir v\u0117l pilnas trupini\u0173?<br \/>\nSu skan\u0117stine pamir\u0161ite \u0161ias problemas!<\/p>\n<p>Skan\u0117stin\u0117 turi dvi ki\u0161enes:<\/p>\n<ul>\n<li>Pagrindin\u0119, itin talpi\u0105, kurioje tilps \u012fvairi\u0173 r\u016b\u0161i\u0173 skan\u0117stai.<\/li>\n<li>Ma\u017eesn\u0119 ki\u0161en\u0119 priekyje, kurioje saugiai laikomi \u0161eimininko daiktai.<\/li>\n<\/ul>\n<p>Dir\u017eas reguliuojamo ilgio, tod\u0117l rankin\u0119 gal\u0117site ne\u0161ioti tiek ant liemens, tiek per kr\u016btin\u0119. Dir\u017eo ilgis \u012fskai\u010diuojant ir pa\u010di\u0105 pilv\u016bzin\u0119 yra iki 122 cm.<\/p>\n<p>Skan\u0117stin\u0117 pasi\u016bta i\u0161 vandeniui atsparios med\u017eiagos.<\/p>\n<p>Dydis (gali \u0161iek tiek skirtis):<\/p>\n<p>Plotis (matuojama priekin\u0117 ki\u0161en\u0117): 23 cm<br \/>\nAuk\u0161tis: 14 cm<br \/>\nGylis: 8 cm<\/p>\n<p>Prie\u017ei\u016bra. Geriausia skan\u0117stin\u0119 i\u0161valyti su dr\u0117gna kempin\u0117le ar skudur\u0117liu. Skalbti skalbimo ma\u0161inoje galima, ta\u010diau reikia tur\u0117ti omenyje, jog ma\u017e\u0117ja jos atsparumas vandeniui.<\/p>","protected":false},"excerpt":{"rendered":"<p>Super spacious dog treat pouch for active people. Tired of treats falling out of your pockets? Phone full of crumbs again? With this [&hellip;]<\/p>","protected":false},"featured_media":4572,"template":"","meta":{"_acf_changed":false,"_monsterinsights_skip_tracking":false,"_monsterinsights_sitenote_active":false,"_monsterinsights_sitenote_note":"","_monsterinsights_sitenote_category":0},"product_brand":[],"product_cat":[91,132],"product_tag":[30,38,66],"class_list":{"0":"post-4568","1":"product","2":"type-product","3":"status-publish","4":"has-post-thumbnail","6":"product_cat-dog-friendly-waist-bag","7":"product_cat-sale","8":"product_tag-casual","9":"product_tag-outdoor","10":"product_tag-unisex","12":"first","13":"instock","14":"shipping-taxable","15":"purchasable","16":"product-type-simple"},"acf":[],"aioseo_notices":[],"_links":{"self":[{"href":"https:\/\/drinbags.com\/lt\/wp-json\/wp\/v2\/product\/4568","targetHints":{"allow":["GET"]}}],"collection":[{"href":"https:\/\/drinbags.com\/lt\/wp-json\/wp\/v2\/product"}],"about":[{"href":"https:\/\/drinbags.com\/lt\/wp-json\/wp\/v2\/types\/product"}],"wp:featuredmedia":[{"embeddable":true,"href":"https:\/\/drinbags.com\/lt\/wp-json\/wp\/v2\/media\/4572"}],"wp:attachment":[{"href":"https:\/\/drinbags.com\/lt\/wp-json\/wp\/v2\/media?parent=4568"}],"wp:term":[{"taxonomy":"product_brand","embeddable":true,"href":"https:\/\/drinbags.com\/lt\/wp-json\/wp\/v2\/product_brand?post=4568"},{"taxonomy":"product_cat","embeddable":true,"href":"https:\/\/drinbags.com\/lt\/wp-json\/wp\/v2\/product_cat?post=4568"},{"taxonomy":"product_tag","embeddable":true,"href":"https:\/\/drinbags.com\/lt\/wp-json\/wp\/v2\/product_tag?post=4568"}],"curies":[{"name":"wp","href":"https:\/\/api.w.org\/{rel}","templated":true}]}}