{"id":4688,"date":"2023-02-26T14:00:26","date_gmt":"2023-02-26T12:00:26","guid":{"rendered":"https:\/\/drinbags.com\/?post_type=product&#038;p=4688"},"modified":"2024-11-19T23:00:31","modified_gmt":"2024-11-19T21:00:31","slug":"neperslampama-juosmens-rankine-lasteles","status":"publish","type":"product","link":"https:\/\/drinbags.com\/lt\/shop\/classic-waist-bags\/neperslampama-juosmens-rankine-lasteles\/","title":{"rendered":"Neper\u0161lampama juosmens rankin\u0117 L\u0104STEL\u0116S"},"content":{"rendered":"<p class=\"translation-block\">D\u0117mesio! Pilv\u016bzin\u0117 pagaminta naudojant <strong>pernaudot\u0105 med\u017eiag\u0105!<\/strong> \u0160i med\u017eiaga praeitame savo gyvenime buvo u\u017euolaida. J\u0105 radau d\u0117v\u0117t\u0173 drabu\u017ei\u0173 parduotuv\u0117je. Laikiau spintoje ilgai, ne\u017einodama k\u0105 i\u0161 jos gal\u0117\u010diau padaryti. At\u0117jo laikas paleisti j\u0105 \u012f antr\u0105 gyvenim\u0105!<\/p>\n<p>Klasikin\u0117 juosmens rankin\u0117 lyd\u0117s jus visur - tiek ved\u017eiojant \u0161un\u012f, tiek vakar\u0117liuose !<\/p>\n<p>Pilv\u016bzin\u0117 yra pagaminta i\u0161 impregnuoto polyesterio, tod\u0117l yra atspari vandeniui.<\/p>\n<p>Dir\u017eas reguliuojamo ilgio, tod\u0117l rankin\u0119 gal\u0117site ne\u0161ioti tiek ant liemens, tiek per kr\u016btin\u0119.<\/p>\n<p><strong>Dydis:<\/strong><\/p>\n<p>U\u017etrauktuk\u0173 ilgis 20 cm ir 31 cm.<\/p>\n<p>Dir\u017eo ilgis (\u012fskaitant ir pa\u010di\u0105 juosmens rankin\u0119) gali b\u016bti reguliuojamas iki 155 cm.<\/p>\n<p><em>*Dyd\u017eiai gali \u0161iek tiek skirtis, nes kiekviena pilv\u016bzin\u0117 yra rank\u0173 darbo. :)<\/em><\/p>","protected":false},"excerpt":{"rendered":"<p>Attention! This fanny pack is made from reused fabric. The cute fabric used to be a curtain. I found it in a second [&hellip;]<\/p>\n","protected":false},"featured_media":4689,"template":"","meta":{"_acf_changed":false,"_monsterinsights_skip_tracking":false,"_monsterinsights_sitenote_active":false,"_monsterinsights_sitenote_note":"","_monsterinsights_sitenote_category":0},"product_brand":[],"product_cat":[92,106,132,109],"product_tag":[84,86,85,82],"class_list":{"0":"post-4688","1":"product","2":"type-product","3":"status-publish","4":"has-post-thumbnail","6":"product_cat-classic-waist-bags","7":"product_cat-products-of-reused-fabric","8":"product_cat-sale","9":"product_cat-secret","10":"product_tag-belt-bag","11":"product_tag-fanny-pack","12":"product_tag-hip-bag","13":"product_tag-waist-bag","15":"first","16":"outofstock","17":"shipping-taxable","18":"purchasable","19":"product-type-simple"},"acf":[],"aioseo_notices":[],"_links":{"self":[{"href":"https:\/\/drinbags.com\/lt\/wp-json\/wp\/v2\/product\/4688","targetHints":{"allow":["GET"]}}],"collection":[{"href":"https:\/\/drinbags.com\/lt\/wp-json\/wp\/v2\/product"}],"about":[{"href":"https:\/\/drinbags.com\/lt\/wp-json\/wp\/v2\/types\/product"}],"wp:featuredmedia":[{"embeddable":true,"href":"https:\/\/drinbags.com\/lt\/wp-json\/wp\/v2\/media\/4689"}],"wp:attachment":[{"href":"https:\/\/drinbags.com\/lt\/wp-json\/wp\/v2\/media?parent=4688"}],"wp:term":[{"taxonomy":"product_brand","embeddable":true,"href":"https:\/\/drinbags.com\/lt\/wp-json\/wp\/v2\/product_brand?post=4688"},{"taxonomy":"product_cat","embeddable":true,"href":"https:\/\/drinbags.com\/lt\/wp-json\/wp\/v2\/product_cat?post=4688"},{"taxonomy":"product_tag","embeddable":true,"href":"https:\/\/drinbags.com\/lt\/wp-json\/wp\/v2\/product_tag?post=4688"}],"curies":[{"name":"wp","href":"https:\/\/api.w.org\/{rel}","templated":true}]}}