{"id":5071,"date":"2023-05-11T02:00:18","date_gmt":"2023-05-10T23:00:18","guid":{"rendered":"https:\/\/drinbags.com\/?post_type=product&#038;p=5071"},"modified":"2024-12-01T22:51:08","modified_gmt":"2024-12-01T20:51:08","slug":"new-waterproof-backpack-whale","status":"publish","type":"product","link":"https:\/\/drinbags.com\/lt\/shop\/backpacks\/new-waterproof-backpack-whale\/","title":{"rendered":"Neper\u0161lampama kuprin\u0117 FLAMINGAS"},"content":{"rendered":"<h4 class=\"translation-block\">Ie\u0161kai kuprin\u0117s, kuri der\u0117t\u0173 prie tavo stiliaus, jaustumeisi <strong>patogiai<\/strong>, o daiktai b\u016bt\u0173 visapusi\u0161kai apsaugoti? \ud83e\udd29<\/span><\/h4>\n<h4 class=\"translation-block\">Drinbags kuprin\u0117 skirta <strong>stilingiems, judriems, keliaujantiems<\/strong> \u017emon\u0117ms, kurie m\u0117gsta dal\u012f savo gyvenimo\nne\u0161iotis saugiai ir patogiai kartu su savimi kuprin\u0117je.<\/h4>\n<h4><strong>\u2705 SAUGUMAS<\/strong><\/h4>\n<h4 class=\"translation-block\">Jauskis ramiai ir u\u017etikrintai, kad tavo daiktai kuprin\u0117je yra <strong>saug\u016bs<\/strong>, nes visos kuprin\u0117s <strong>ki\u0161en\u0117s u\u017esegamos u\u017etrauktuku.<\/strong> \ud83e\udd10 \u012e tris kuprin\u0117s skyrius telpa visi reikalingiausi daiktai, net ne\u0161iojamasis kompiuteris. \ud83d\udc4c<\/h4>\n<h4><strong>\u2705 TALPUMAS<\/strong><\/h4>\n<h4 class=\"translation-block\">\u012e <strong>tris kuprin\u0117s skyrius<\/strong> telpa visi reikalingiausi daiktai, net ne\u0161iojamasis kompiuteris. Dydis reguliuojasi\n<strong>\u201eroll top\u201c<\/strong> u\u017edarymo b\u016bdu, tod\u0117l dr\u0105siai suvyniok kuprin\u0119, ne\u0161ant ma\u017eiau daikt\u0173, o pakeliui u\u017esukus \u012f\nparduotuv\u0119, i\u0161vyniok ir sutalpink visus pirkinius.\ud83e\udd66\ud83e\uddc4\ud83c\udf36\ufe0f<\/h4>\n<h4><strong> \u2705 PRAKTI\u0160KUMAS<\/strong><\/h4>\n<h4 class=\"translation-block\">Viduje pasisl\u0117pusi ki\u0161en\u0117l\u0117 su u\u017etrauktuku, saugiai talpina ne tik ma\u017eus, bet ir <strong>slaptus<\/strong> bei <strong>vertingus<\/strong> daiktus. I\u0161orin\u0117 <strong>ki\u0161en\u0117<\/strong>, skirta <strong>gertuvei<\/strong>, visada primena, kad jau laikas numal\u0161inti tro\u0161kul\u012f. \ud83d\udeb0<\/h4>\n<h4><strong>\u2705 PATOGUMAS<\/strong><\/h4>\n<h4 class=\"translation-block\">Visapusi\u0161k\u0105 patogum\u0105 u\u017etikrina <strong>pamink\u0161tintos<\/strong> ir <strong>reguliuojamo ilgio petne\u0161os<\/strong>. Su kuprine ant pe\u010di\u0173\nrankos laisvos ir neu\u017ekrautos ne\u0161uliais.<\/h4>\n<h4><strong>\u2705 VANDENIUI ATSPARUS AUDINYS<\/strong><\/h4>\n<h4 class=\"translation-block\">Jeigu u\u017eklumpa netik\u0117tas lietus, daiktai ir pirkiniai i\u0161lieka sausi, nes kuprin\u0117 pasi\u016bta i\u0161 <strong>impregnuoto, atsparaus vandeniui audinio.<\/strong> \u2614<\/h4>\n<h4 class=\"translation-block\">\u2705 <strong>FUNKCIONALUMAS<\/strong><\/h4>\n<h4 class=\"translation-block\">Drinbags kuprin\u0117 idealiai tinka kelion\u0117ms, nes <strong>susivynioja<\/strong> ir neu\u017eima daug vietos lagamine arba puikiai tarnauja kaip <strong>rankinis baga\u017eas<\/strong>. \u2708\ufe0f<\/h4>\n<h4><em><span style=\"font-weight: 400;\">Atrask stili\u0173, patogum\u0105 ir funkcionalum\u0105 Drinbags kuprin\u0117je, kuri ne tik palengvina tavo kasdienyb\u0119, bet ir u\u017etikrina daikt\u0173 saugum\u0105.<\/span><\/em><\/h4>\n<h4><\/h4>\n<h4><span style=\"font-weight: 400;\">I\u0161sirink i\u0161 dviej\u0173 skirting\u0173 dyd\u017ei\u0173, pagal savo poreik\u012f:<\/span><\/h4>\n<h4><strong>\ud83d\udfe1MEDIUM - kasdieniam naudojimui, kompiuteriui\ud83d\udfe1<\/strong><\/h4>\n<h4><span style=\"font-weight: 400;\">Kuprin\u0117s dydis varijuoja nuo 10 iki 16 litr\u0173, priklausomai, nuo i\u0161vyniojimo.<\/span><\/h4>\n<h4 class=\"translation-block\"><strong>I\u0161matavimai:<\/strong> Auk\u0161tis: 35 cm (+19 cm), Plotis: 28 cm, Gylis: 9 cm. Pagrindinio skyriaus u\u017etrauktuko ilgis 37 cm.<\/h4>\n<h4><strong>\ud83d\udfe2LARGE \u2013 talpinanti daug daikt\u0173, ypa\u010d tinkama kelion\u0117ms l\u0117ktuvu ir ne tik\ud83d\udfe2<\/strong><\/h4>\n<h4><span style=\"font-weight: 400;\">Kuprin\u0117s dydis varijuoja nuo 15 iki 22 litr\u0173, priklausomai, nuo i\u0161vyniojimo.<\/span><\/h4>\n<h4 class=\"translation-block\"><strong>I\u0161matavimai:<\/strong> Auk\u0161tis: 40cm (+20 cm), Plotis 31 cm, Gylis: 11 cm.  Pagrindinio skyriaus u\u017etrauktuko ilgis 42 cm.<\/h4>","protected":false},"excerpt":{"rendered":"<div style=\"width: 1170px;\" class=\"wp-video\"><video class=\"wp-video-shortcode\" id=\"video-5071-1\" width=\"1170\" height=\"1170\" preload=\"metadata\" controls=\"controls\"><source type=\"video\/mp4\" src=\"https:\/\/drinbags.com\/wp-content\/uploads\/2021\/12\/mp4.mp4?_=1\" \/><a href=\"https:\/\/drinbags.com\/wp-content\/uploads\/2021\/12\/mp4.mp4\">https:\/\/drinbags.com\/wp-content\/uploads\/2021\/12\/mp4.mp4<\/a><\/video><\/div>","protected":false},"featured_media":5211,"template":"","meta":{"_acf_changed":false,"_monsterinsights_skip_tracking":false,"_monsterinsights_sitenote_active":false,"_monsterinsights_sitenote_note":"","_monsterinsights_sitenote_category":0},"product_brand":[],"product_cat":[75,122,132],"product_tag":[],"class_list":{"0":"post-5071","1":"product","2":"type-product","3":"status-publish","4":"has-post-thumbnail","6":"product_cat-backpacks","7":"product_cat-new-model","8":"product_cat-sale","9":"product_shipping_class-free-shipping","11":"first","12":"outofstock","13":"shipping-taxable","14":"product-type-variable"},"acf":[],"aioseo_notices":[],"_links":{"self":[{"href":"https:\/\/drinbags.com\/lt\/wp-json\/wp\/v2\/product\/5071","targetHints":{"allow":["GET"]}}],"collection":[{"href":"https:\/\/drinbags.com\/lt\/wp-json\/wp\/v2\/product"}],"about":[{"href":"https:\/\/drinbags.com\/lt\/wp-json\/wp\/v2\/types\/product"}],"wp:featuredmedia":[{"embeddable":true,"href":"https:\/\/drinbags.com\/lt\/wp-json\/wp\/v2\/media\/5211"}],"wp:attachment":[{"href":"https:\/\/drinbags.com\/lt\/wp-json\/wp\/v2\/media?parent=5071"}],"wp:term":[{"taxonomy":"product_brand","embeddable":true,"href":"https:\/\/drinbags.com\/lt\/wp-json\/wp\/v2\/product_brand?post=5071"},{"taxonomy":"product_cat","embeddable":true,"href":"https:\/\/drinbags.com\/lt\/wp-json\/wp\/v2\/product_cat?post=5071"},{"taxonomy":"product_tag","embeddable":true,"href":"https:\/\/drinbags.com\/lt\/wp-json\/wp\/v2\/product_tag?post=5071"}],"curies":[{"name":"wp","href":"https:\/\/api.w.org\/{rel}","templated":true}]}}