{"id":5434,"date":"2023-06-14T01:23:40","date_gmt":"2023-06-13T22:23:40","guid":{"rendered":"https:\/\/drinbags.com\/?post_type=product&#038;p=5434"},"modified":"2023-07-18T00:00:54","modified_gmt":"2023-07-17T21:00:54","slug":"waterproof-purse-moss%f0%9f%8c%b2","status":"publish","type":"product","link":"https:\/\/drinbags.com\/lt\/shop\/new-arrivals\/waterproof-purse-moss%f0%9f%8c%b2\/","title":{"rendered":"I\u0160ANKSTINIS U\u017dSAKYMAS Neper\u0161lampama rankin\u0117 PISTACIJOS \ud83e\udd5c"},"content":{"rendered":"<p><strong>\ud83c\udf89Pasitikite Drinbags naujien\u0105 - rankines!\ud83c\udf89<\/strong><\/p>\n<p><span style=\"text-decoration: underline;\"><em>I\u0161ankstiniai u\u017esakymai priimami iki liepos 19 dienos. Rankin\u0117s bus pagamintos ir siun\u010diamos liepos 24 dien\u0105!\u00a0<\/em><\/span><\/p>\n<p><span style=\"font-weight: 400;\">\u017dinai t\u0105 jausm\u0105, kai i\u0161einant \u012f miest\u0105 nesinori imti kuprin\u0117s, nes per didel\u0117, o turima juosmens rankin\u0117 netinka prie miestieti\u0161ko \u012fvaizd\u017eio? \ud83d\ude0e<\/span><\/p>\n<p><span style=\"font-weight: 400;\">\u0160i rankin\u0117 sukurta moterims, kurios sav\u0119s ne\u012fsivaizduoja su klasikine rankine, bet ie\u0161ko tokio pat patogumo.\ud83d\ude0c<\/span><\/p>\n<p class=\"translation-block\">\u2705 <strong>ATSPARUS VANDENIUI AUDINYS <\/strong><\/p>\n<p class=\"translation-block\">Drinbags rankin\u0117 pagaminta i\u0161 <strong>vandeniui atsparios med\u017eiagos<\/strong>, tad u\u017eklupus netik\u0117tam lietu\u010diui, nereiks jaudintis d\u0117l savo daikt\u0173 saugumo.\u2614<\/p>\n<p class=\"translation-block\"><span style=\"font-weight: 400\">\u2705 <strong>SMAGI, BET STILINGA<\/strong><\/span><\/p>\n<p class=\"translation-block\">Rankin\u0117s <strong>i\u0161or\u0117 vienspalv\u0117<\/strong> tam, kad tikt\u0173 prie visko. Ta\u010diau rankin\u0117s <strong>vidus - margas<\/strong>. Juk spalvos mus d\u017eiugina!\ud83e\udd29<\/p>\n<p class=\"translation-block\"><span style=\"font-weight: 400\">\u2705 <strong>MA\u017dA, BET NESIBAIGIANTI<\/strong><\/span><\/p>\n<p class=\"translation-block\">Rankin\u0117s viduje rasi <strong> nedidel\u0119 ki\u0161en\u0117l\u0119<\/strong>  ma\u017eiems daikteliams \ud83d\udd11 ir <strong> pamink\u0161tint\u0105 dugn\u0105<\/strong> . Nors atrodo nedidel\u0117, \u012f rankin\u0119 laisvai tilps visi b\u016btiniausi daiktai ir netgi 0.5l vandens buteliukas. Juk vanduo visad turi b\u016bti ranka pasiekiamas!\ud83d\udeb0<\/span><\/p>\n<p class=\"translation-block\">\u2705<strong>FUNKCIONALUMAS<\/strong><\/p>\n<p class=\"translation-block\"><strong>Reguliuojamas rankin\u0117s dir\u017eas<\/strong> leis j\u0105 ne\u0161ioti <strong>tiek ant vieno peties, tiek persimetus per kr\u016btin\u0119<\/strong>. \ud83d\udc4c<\/p>\n<p>&nbsp;<\/p>\n<p>P.s. Perkant u\u017e 35 eu ir daugiau, siuntimas pa\u0161tomatu Lietuvoje nieko nekainuoja! \ud83d\udce6\ud83c\udf81<\/p>","protected":false},"excerpt":{"rendered":"<div style=\"width: 1080px;\" class=\"wp-video\"><video class=\"wp-video-shortcode\" id=\"video-5434-1\" width=\"1080\" height=\"1080\" preload=\"metadata\" controls=\"controls\"><source type=\"video\/mp4\" src=\"http:\/\/drinbags.com\/wp-content\/uploads\/2023\/06\/202306121600.mp4?_=1\" \/><a href=\"http:\/\/drinbags.com\/wp-content\/uploads\/2023\/06\/202306121600.mp4\">http:\/\/drinbags.com\/wp-content\/uploads\/2023\/06\/202306121600.mp4<\/a><\/video><\/div>","protected":false},"featured_media":5414,"template":"","meta":{"_acf_changed":false,"_monsterinsights_skip_tracking":false,"_monsterinsights_sitenote_active":false,"_monsterinsights_sitenote_note":"","_monsterinsights_sitenote_category":0},"product_brand":[],"product_cat":[105,118],"product_tag":[],"class_list":{"0":"post-5434","1":"product","2":"type-product","3":"status-publish","4":"has-post-thumbnail","6":"product_cat-new-arrivals","7":"product_cat-other","9":"first","10":"outofstock","11":"shipping-taxable","12":"purchasable","13":"product-type-simple"},"acf":[],"aioseo_notices":[],"_links":{"self":[{"href":"https:\/\/drinbags.com\/lt\/wp-json\/wp\/v2\/product\/5434","targetHints":{"allow":["GET"]}}],"collection":[{"href":"https:\/\/drinbags.com\/lt\/wp-json\/wp\/v2\/product"}],"about":[{"href":"https:\/\/drinbags.com\/lt\/wp-json\/wp\/v2\/types\/product"}],"wp:featuredmedia":[{"embeddable":true,"href":"https:\/\/drinbags.com\/lt\/wp-json\/wp\/v2\/media\/5414"}],"wp:attachment":[{"href":"https:\/\/drinbags.com\/lt\/wp-json\/wp\/v2\/media?parent=5434"}],"wp:term":[{"taxonomy":"product_brand","embeddable":true,"href":"https:\/\/drinbags.com\/lt\/wp-json\/wp\/v2\/product_brand?post=5434"},{"taxonomy":"product_cat","embeddable":true,"href":"https:\/\/drinbags.com\/lt\/wp-json\/wp\/v2\/product_cat?post=5434"},{"taxonomy":"product_tag","embeddable":true,"href":"https:\/\/drinbags.com\/lt\/wp-json\/wp\/v2\/product_tag?post=5434"}],"curies":[{"name":"wp","href":"https:\/\/api.w.org\/{rel}","templated":true}]}}