{"id":5507,"date":"2023-07-10T08:28:51","date_gmt":"2023-07-10T05:28:51","guid":{"rendered":"https:\/\/drinbags.com\/?post_type=product&#038;p=5507"},"modified":"2023-10-11T16:08:44","modified_gmt":"2023-10-11T13:08:44","slug":"urban-explorer-wallet-eye-drop","status":"publish","type":"product","link":"https:\/\/drinbags.com\/lt\/shop\/new-arrivals\/urban-explorer-wallet-eye-drop\/","title":{"rendered":"Miesto tyrin\u0117toj\u0173 pinigin\u0117 AKI\u0172 LA\u0160AI"},"content":{"rendered":"<p><span style=\"font-weight: 400;\"><strong>Pristatome Urban Explorer (aka. miesto tyrin\u0117toj\u0173) pinigin\u0119!<\/strong> <\/span><span style=\"font-weight: 400;\">\ud83c\udf0d\ud83c\udf92<\/span><\/p>\n<p><span style=\"font-weight: 400;\">Sukurta \u0161iuolaikiniam gyvenimo b\u016bdui, Urban Explorer pinigin\u0117 yra <strong>erdvi, bet kompakti\u0161ka<\/strong>.<\/span><\/p>\n<p class=\"translation-block\">Joje rasi u\u017etrauktuku saugiai u\u017esegam\u0105 <strong>ki\u0161en\u0119 monetoms<\/strong> ir <strong>keturis patogius korteli\u0173 ir banknot\u0173 skyrelius<\/strong>. Viskas bus tvarkinga ir lengvai pasiekiama! \ud83d\udd12\ud83d\udcb3<\/p>\n<p class=\"translation-block\">Ir tai dar ne viskas! Pinigin\u0117s i\u0161or\u0117je yra <strong>kilpel\u0117<\/strong>, prie kurios karabinu gal\u0117si tvirtinti raktus ar kitus ma\u017emo\u017eius. Ne tik gra\u017eu, bet ir patogu!<\/p>\n<p><span style=\"font-weight: 400;\">I\u0161laisvink savo vidin\u012f miesto tyrin\u0117toj\u0105 ir leisk Urban Explorer piniginei tapti tavo palydove smagiuose nuotykiuose! \ud83d\uddfa\ufe0f\u2728<\/span><\/p>\n<p><strong>Atkreipk d\u0117mes\u012f \u2013 Urban Explorer pinigini\u0173 kiekis labai ribotas!<\/strong><\/p>","protected":false},"excerpt":{"rendered":"<div style=\"width: 1080px;\" class=\"wp-video\"><video class=\"wp-video-shortcode\" id=\"video-5507-1\" width=\"1080\" height=\"1080\" preload=\"metadata\" controls=\"controls\"><source type=\"video\/mp4\" src=\"http:\/\/drinbags.com\/wp-content\/uploads\/2023\/07\/202307091807.mp4?_=1\" \/><a href=\"http:\/\/drinbags.com\/wp-content\/uploads\/2023\/07\/202307091807.mp4\">http:\/\/drinbags.com\/wp-content\/uploads\/2023\/07\/202307091807.mp4<\/a><\/video><\/div>","protected":false},"featured_media":5498,"template":"","meta":{"_acf_changed":false,"_monsterinsights_skip_tracking":false,"_monsterinsights_sitenote_active":false,"_monsterinsights_sitenote_note":"","_monsterinsights_sitenote_category":0},"product_brand":[],"product_cat":[105,103],"product_tag":[],"class_list":{"0":"post-5507","1":"product","2":"type-product","3":"status-publish","4":"has-post-thumbnail","6":"product_cat-new-arrivals","7":"product_cat-wallets","9":"first","10":"outofstock","11":"sale","12":"shipping-taxable","13":"purchasable","14":"product-type-simple"},"acf":[],"aioseo_notices":[],"_links":{"self":[{"href":"https:\/\/drinbags.com\/lt\/wp-json\/wp\/v2\/product\/5507","targetHints":{"allow":["GET"]}}],"collection":[{"href":"https:\/\/drinbags.com\/lt\/wp-json\/wp\/v2\/product"}],"about":[{"href":"https:\/\/drinbags.com\/lt\/wp-json\/wp\/v2\/types\/product"}],"wp:featuredmedia":[{"embeddable":true,"href":"https:\/\/drinbags.com\/lt\/wp-json\/wp\/v2\/media\/5498"}],"wp:attachment":[{"href":"https:\/\/drinbags.com\/lt\/wp-json\/wp\/v2\/media?parent=5507"}],"wp:term":[{"taxonomy":"product_brand","embeddable":true,"href":"https:\/\/drinbags.com\/lt\/wp-json\/wp\/v2\/product_brand?post=5507"},{"taxonomy":"product_cat","embeddable":true,"href":"https:\/\/drinbags.com\/lt\/wp-json\/wp\/v2\/product_cat?post=5507"},{"taxonomy":"product_tag","embeddable":true,"href":"https:\/\/drinbags.com\/lt\/wp-json\/wp\/v2\/product_tag?post=5507"}],"curies":[{"name":"wp","href":"https:\/\/api.w.org\/{rel}","templated":true}]}}