{"id":5775,"date":"2023-08-30T13:39:30","date_gmt":"2023-08-30T10:39:30","guid":{"rendered":"https:\/\/drinbags.com\/?post_type=product&#038;p=5775"},"modified":"2024-07-09T17:27:41","modified_gmt":"2024-07-09T14:27:41","slug":"compact-pencil-case-paint","status":"publish","type":"product","link":"https:\/\/drinbags.com\/lt\/shop\/mazi\/compact-pencil-case-paint\/","title":{"rendered":"Kompakti\u0161kas penalas DA\u017dAI"},"content":{"rendered":"<p class=\"translation-block\">Pavargai raustis po kuprin\u0119 ir bevilti\u0161kai ie\u0161koti to vieno ra\u0161iklio ar pie\u0161tuko? Atsisveikink su nesibaigian\u010diomis paie\u0161komis su nauju Drinbags produktu: spalvingu kompakti\u0161ku penalu!<\/p>\n<p><span style=\"font-weight: 400;\">\ud83c\udf92 <\/span><b>Erdv\u0119 taupantis dizainas<\/b><\/p>\n<p><span style=\"font-weight: 400;\">Minimalistinio 20 x 5 cm dyd\u017eio pie\u0161tuk\u0173 d\u0117klas yra pritaikytas tilpti \u012f bet kur\u012f tavo kuprin\u0117s kamp\u0105. Daugiau joki\u0173 dideli\u0173 penal\u0173, kurie u\u017eima pus\u0119 tavo kuprin\u0117s! \u0160is aptakus ir plonas penalas sukurtas taip, kad skland\u017eiai tilpt\u0173 kartu su knygomis, ne\u0161iojamuoju kompiuteriu ir kitais b\u016btiniausiais daiktais. Tai idealus pagalbininkas studentams, menininkams, profesionalams ir visiems, kurie vertina organizuotum\u0105.<\/span><\/p>\n<p><span style=\"font-weight: 400;\">\ud83d\udd8a\ufe0f <\/span><b>\ud83d\udd8a\ufe0f <strong>Viskas viename<\/strong><\/b><\/p>\n<p><span style=\"font-weight: 400;\">Penalas itin ma\u017eas, bet sutalpins pa\u010dius b\u016btiniausius tavo k\u016brybos \u012frankius - kelis tu\u0161inukus, marker\u012f ir pie\u0161tuk\u0105. Viskas bus vienoje vietoje, kad nereik\u0117t\u0173 kuistis po visas kuprin\u0117s ki\u0161enes.<\/span><\/p>\n<p><span style=\"font-weight: 400;\">\ud83c\udf08 <\/span><b>I\u0161 nuotykio \u012f nuotyk\u012f<\/b><\/p>\n<p><span style=\"font-weight: 400;\">Kiekvienas pie\u0161tuk\u0173 d\u0117klas yra pagamintas i\u0161 atrinkt\u0173 audini\u0173, kuriuos radau keliaudama po pasaul\u012f, tod\u0117l kiekvienas penalas yra unikalus ir \u012fkv\u0117ptas kelioni\u0173. Spalv\u0173 ir ra\u0161t\u0173 \u012fvairov\u0117 ne tik suteikia d\u017eiaugsmo, bet ir atspindi tavo nuotyki\u0173 tro\u0161kim\u0105 \ud83d\ude09<\/span><\/p>\n<p><span style=\"font-weight: 400;\">Pagerink savo ra\u0161ymo patirt\u012f \u2013 u\u017esisakyk spalving\u0105 kompakti\u0161k\u0105 penal\u0105 dabar ir paversk organizuotum\u0105 nuotykiu!<\/span><\/p>","protected":false},"excerpt":{"rendered":"<div style=\"width: 1080px;\" class=\"wp-video\"><video class=\"wp-video-shortcode\" id=\"video-5775-1\" width=\"1080\" height=\"1080\" preload=\"metadata\" controls=\"controls\"><source type=\"video\/mp4\" src=\"http:\/\/drinbags.com\/wp-content\/uploads\/2023\/08\/202308301344.mp4?_=1\" \/><a href=\"http:\/\/drinbags.com\/wp-content\/uploads\/2023\/08\/202308301344.mp4\">http:\/\/drinbags.com\/wp-content\/uploads\/2023\/08\/202308301344.mp4<\/a><\/video><\/div>","protected":false},"featured_media":5763,"template":"","meta":{"_acf_changed":false,"_monsterinsights_skip_tracking":false,"_monsterinsights_sitenote_active":false,"_monsterinsights_sitenote_note":"","_monsterinsights_sitenote_category":0},"product_brand":[],"product_cat":[125],"product_tag":[],"class_list":{"0":"post-5775","1":"product","2":"type-product","3":"status-publish","4":"has-post-thumbnail","6":"product_cat-mazi","8":"first","9":"outofstock","10":"shipping-taxable","11":"purchasable","12":"product-type-simple"},"acf":[],"aioseo_notices":[],"_links":{"self":[{"href":"https:\/\/drinbags.com\/lt\/wp-json\/wp\/v2\/product\/5775","targetHints":{"allow":["GET"]}}],"collection":[{"href":"https:\/\/drinbags.com\/lt\/wp-json\/wp\/v2\/product"}],"about":[{"href":"https:\/\/drinbags.com\/lt\/wp-json\/wp\/v2\/types\/product"}],"wp:featuredmedia":[{"embeddable":true,"href":"https:\/\/drinbags.com\/lt\/wp-json\/wp\/v2\/media\/5763"}],"wp:attachment":[{"href":"https:\/\/drinbags.com\/lt\/wp-json\/wp\/v2\/media?parent=5775"}],"wp:term":[{"taxonomy":"product_brand","embeddable":true,"href":"https:\/\/drinbags.com\/lt\/wp-json\/wp\/v2\/product_brand?post=5775"},{"taxonomy":"product_cat","embeddable":true,"href":"https:\/\/drinbags.com\/lt\/wp-json\/wp\/v2\/product_cat?post=5775"},{"taxonomy":"product_tag","embeddable":true,"href":"https:\/\/drinbags.com\/lt\/wp-json\/wp\/v2\/product_tag?post=5775"}],"curies":[{"name":"wp","href":"https:\/\/api.w.org\/{rel}","templated":true}]}}