{"id":5785,"date":"2023-08-30T13:57:03","date_gmt":"2023-08-30T10:57:03","guid":{"rendered":"https:\/\/drinbags.com\/?post_type=product&#038;p=5785"},"modified":"2025-05-22T16:23:10","modified_gmt":"2025-05-22T13:23:10","slug":"standing-pencil-case-starlight","status":"publish","type":"product","link":"https:\/\/drinbags.com\/lt\/shop\/dideli\/standing-pencil-case-starlight\/","title":{"rendered":"Penalas-pie\u0161tukin\u0117 \u017dVAIG\u017dD\u0116"},"content":{"rendered":"<p><b>Pristatome i\u0161skirtin\u012f kompanion\u0105 k\u016bryboje - dvigubos paskirties penal\u0105 - stovint\u012f pie\u0161tuk\u0173 d\u0117kl\u0105!<\/b><\/p>\n<p><span style=\"font-weight: 400;\">\ud83c\udf08 <\/span><b>Matyk vis\u0105 pasirinkim\u0173 asorti<\/b><\/p>\n<p><span style=\"font-weight: 400;\">Pavargai ie\u0161koti TOS spalvos tarp i\u0161sibars\u010diusi\u0173 pie\u0161tuk\u0173 ir \u017eymekli\u0173? \u0160is d\u0117klas, kuriame tilps visa spalv\u0173 palet\u0117, suteiks dar daugiau patogumo moksleiviams, studentams ir savo srities profesionalams.<\/span><\/p>\n<p><span style=\"font-weight: 400;\">\ud83c\udf92 <\/span><b>Erdvus, bet kompakti\u0161kas<\/b><\/p>\n<p><span style=\"font-weight: 400;\">\u012e k\u016brybin\u012f proces\u0105 leiskis dar lengviau! \u0160is erdvus, bet kompakti\u0161kas dizainas leis su savimi tur\u0117ti vis\u0105 pie\u0161tuk\u0173 ar kit\u0173 ra\u0161ikli\u0173 gam\u0105. Nesvarbu, ar tai b\u016bt\u0173 pamoka, susitikimas su klientu ar asmeninis projektas, \u0161is pie\u0161tuk\u0173 d\u0117klas lengvai tilps kuprin\u0117je, tod\u0117l visk\u0105 tur\u0117si po rank\u0105.<\/span><\/p>\n<p><span style=\"font-weight: 400;\">\ud83d\udd8b\ufe0f <\/span><b>Pakeisk savo darbo erdv\u0119<\/b><\/p>\n<p><span style=\"font-weight: 400;\">I\u0161skleisk pasl\u0117pt\u0105 \u0161io penalo magij\u0105, nes atsegus jis virsta prakti\u0161ka pie\u0161tukine. Pie\u0161tukai neried\u0117s nuo stalo, o visas spalvas gal\u0117si pasiekti itin lengvai!<\/span><\/p>\n<p><span style=\"font-weight: 400;\">\ud83d\uddc2\ufe0f <\/span><b>Patogios ki\u0161en\u0117l\u0117s<\/b><\/p>\n<p><span style=\"font-weight: 400;\">Viduje rasi apgalvotai sukurtas ki\u0161en\u0117les, kuriose gal\u0117si laikyti skirtingas spalv\u0173 ar funkcij\u0173 ra\u0161iklius. Ypa\u010d patiks m\u0117gstantiems tvark\u0105!<\/span><\/p>\n<p><b>Suteik savo k\u016brybiniams procesams patogumo - u\u017esisakyk \u0161\u012f penal\u0105 ir d\u017eiaukis ra\u0161ikli\u0173 organizuotumu!<\/b><\/p>","protected":false},"excerpt":{"rendered":"<div style=\"width: 1170px;\" class=\"wp-video\"><video class=\"wp-video-shortcode\" id=\"video-5785-1\" width=\"1170\" height=\"1170\" preload=\"metadata\" controls=\"controls\"><source type=\"video\/mp4\" src=\"http:\/\/drinbags.com\/wp-content\/uploads\/2023\/08\/20230829_114232-1.mp4?_=1\" \/><a href=\"http:\/\/drinbags.com\/wp-content\/uploads\/2023\/08\/20230829_114232-1.mp4\">http:\/\/drinbags.com\/wp-content\/uploads\/2023\/08\/20230829_114232-1.mp4<\/a><\/video><\/div>","protected":false},"featured_media":5755,"template":"","meta":{"_acf_changed":false,"_monsterinsights_skip_tracking":false,"_monsterinsights_sitenote_active":false,"_monsterinsights_sitenote_note":"","_monsterinsights_sitenote_category":0},"product_brand":[],"product_cat":[126],"product_tag":[],"class_list":{"0":"post-5785","1":"product","2":"type-product","3":"status-publish","4":"has-post-thumbnail","6":"product_cat-dideli","8":"first","9":"outofstock","10":"shipping-taxable","11":"purchasable","12":"product-type-simple"},"acf":[],"aioseo_notices":[],"_links":{"self":[{"href":"https:\/\/drinbags.com\/lt\/wp-json\/wp\/v2\/product\/5785","targetHints":{"allow":["GET"]}}],"collection":[{"href":"https:\/\/drinbags.com\/lt\/wp-json\/wp\/v2\/product"}],"about":[{"href":"https:\/\/drinbags.com\/lt\/wp-json\/wp\/v2\/types\/product"}],"wp:featuredmedia":[{"embeddable":true,"href":"https:\/\/drinbags.com\/lt\/wp-json\/wp\/v2\/media\/5755"}],"wp:attachment":[{"href":"https:\/\/drinbags.com\/lt\/wp-json\/wp\/v2\/media?parent=5785"}],"wp:term":[{"taxonomy":"product_brand","embeddable":true,"href":"https:\/\/drinbags.com\/lt\/wp-json\/wp\/v2\/product_brand?post=5785"},{"taxonomy":"product_cat","embeddable":true,"href":"https:\/\/drinbags.com\/lt\/wp-json\/wp\/v2\/product_cat?post=5785"},{"taxonomy":"product_tag","embeddable":true,"href":"https:\/\/drinbags.com\/lt\/wp-json\/wp\/v2\/product_tag?post=5785"}],"curies":[{"name":"wp","href":"https:\/\/api.w.org\/{rel}","templated":true}]}}