{"id":5841,"date":"2023-09-05T08:52:23","date_gmt":"2023-09-05T05:52:23","guid":{"rendered":"https:\/\/drinbags.com\/?post_type=product&#038;p=5841"},"modified":"2023-10-16T08:09:31","modified_gmt":"2023-10-16T05:09:31","slug":"colorful-scrunchie-dalmatin","status":"publish","type":"product","link":"https:\/\/drinbags.com\/lt\/shop\/gumytes\/colorful-scrunchie-dalmatin\/","title":{"rendered":"Spalvota gumyt\u0117 DALMATINAS"},"content":{"rendered":"<p><span style=\"font-weight: 400;\">Pristatome ry\u0161kias ir \u017eaismingas Drinbags plauk\u0173 gumytes, kurios taps tobulu tavo stiliaus akcentu!<\/span><\/p>\n<p class=\"translation-block\">Atsibodo paprastos vienspalv\u0117s gumyt\u0117s? <strong>Nerandi tokios, kuri laikyt\u0173 tavo plaukus?<\/strong> Gal Drinbags gumyt\u0117s yra tai, ko seniai ie\u0161kai?<\/p>\n<p><span style=\"font-weight: 400;\">\ud83c\udf08 <strong>Spalv\u0173 dvelksmas.<\/strong>Nors \u0161ilkin\u0117s gumel\u0117s turi savo \u017eavesio, Drinbags medvilnin\u0117s gumyt\u0117s yra \u0161is tas naujo rinkoje. I\u0161 kone viso spalv\u0173 kaleidoskopo tikrai rasi prie tavo stiliaus deran\u010di\u0105 gumyt\u0119, kuri taps tavo stilingu aksesuaru!<\/span><\/p>\n<p><span style=\"font-weight: 400;\">\ud83d\udc51 <strong>Stiprus plauk\u0173 laikymas.<\/strong>Atsibodo i\u0161slystan\u010dios ar atsileid\u017eian\u010dios gumyt\u0117s, su kuriomis plaukus reikia persiri\u0161in\u0117ti kas kelias minutes? Drinbags plauk\u0173 gumyt\u0117s yra neslid\u017eios ir itin tvirtos, tad nesvarbu, ar sportuoji, \u0161oki, ar dirbi, visad b\u016bsi su patogiai suri\u0161tais plaukais!<\/span><\/p>\n<p><span style=\"font-weight: 400;\">\ud83c\udf1f <strong>Daugiau nei gumyt\u0117.<\/strong>\u012esigysi ne tik plauk\u0173 gumyt\u0119, bet stiling\u0105 aksesuar\u0105, kuris atrodys ypa\u010d gerai, net jei nuspr\u0119si nesiri\u0161ti plauk\u0173, o gumyt\u0119 ne\u0161ioti ant rie\u0161o kaip apyrank\u0119!<\/span><\/p>\n<p><span style=\"font-weight: 400;\">Su Drinbags plauk\u0173 gumyt\u0117mis i\u0161siskirsi i\u0161 minios ir m\u0117gausiesi patogumu be r\u016bpes\u010di\u0173 formuojant plaukus. Rinkis spalv\u0105 ir m\u0117gaukis patogumu!<\/span><\/p>\n<p><span style=\"font-weight: 400;\">\u2705 Siuntimas nuo 35\u20ac nemokamas!<\/span><\/p>\n<p><span style=\"font-weight: 400;\">\u2705 I\u0161siun\u010diame per 1-3 d.d.<\/span><\/p>","protected":false},"excerpt":{"rendered":"<div style=\"width: 1080px;\" class=\"wp-video\"><video class=\"wp-video-shortcode\" id=\"video-5841-1\" width=\"1080\" height=\"1080\" preload=\"metadata\" controls=\"controls\"><source type=\"video\/mp4\" src=\"http:\/\/drinbags.com\/wp-content\/uploads\/2023\/09\/Untitled-design-6.mp4?_=1\" \/><a href=\"http:\/\/drinbags.com\/wp-content\/uploads\/2023\/09\/Untitled-design-6.mp4\">http:\/\/drinbags.com\/wp-content\/uploads\/2023\/09\/Untitled-design-6.mp4<\/a><\/video><\/div>","protected":false},"featured_media":5801,"template":"","meta":{"_acf_changed":false,"_monsterinsights_skip_tracking":false,"_monsterinsights_sitenote_active":false,"_monsterinsights_sitenote_note":"","_monsterinsights_sitenote_category":0},"product_brand":[],"product_cat":[127],"product_tag":[],"class_list":{"0":"post-5841","1":"product","2":"type-product","3":"status-publish","4":"has-post-thumbnail","6":"product_cat-gumytes","8":"first","9":"instock","10":"shipping-taxable","11":"purchasable","12":"product-type-simple"},"acf":[],"aioseo_notices":[],"_links":{"self":[{"href":"https:\/\/drinbags.com\/lt\/wp-json\/wp\/v2\/product\/5841","targetHints":{"allow":["GET"]}}],"collection":[{"href":"https:\/\/drinbags.com\/lt\/wp-json\/wp\/v2\/product"}],"about":[{"href":"https:\/\/drinbags.com\/lt\/wp-json\/wp\/v2\/types\/product"}],"wp:featuredmedia":[{"embeddable":true,"href":"https:\/\/drinbags.com\/lt\/wp-json\/wp\/v2\/media\/5801"}],"wp:attachment":[{"href":"https:\/\/drinbags.com\/lt\/wp-json\/wp\/v2\/media?parent=5841"}],"wp:term":[{"taxonomy":"product_brand","embeddable":true,"href":"https:\/\/drinbags.com\/lt\/wp-json\/wp\/v2\/product_brand?post=5841"},{"taxonomy":"product_cat","embeddable":true,"href":"https:\/\/drinbags.com\/lt\/wp-json\/wp\/v2\/product_cat?post=5841"},{"taxonomy":"product_tag","embeddable":true,"href":"https:\/\/drinbags.com\/lt\/wp-json\/wp\/v2\/product_tag?post=5841"}],"curies":[{"name":"wp","href":"https:\/\/api.w.org\/{rel}","templated":true}]}}