{"id":5891,"date":"2023-09-21T15:00:46","date_gmt":"2023-09-21T12:00:46","guid":{"rendered":"https:\/\/drinbags.com\/?post_type=product&#038;p=5891"},"modified":"2025-07-17T14:47:42","modified_gmt":"2025-07-17T11:47:42","slug":"waterproof-waist-bag-shorts-2","status":"publish","type":"product","link":"https:\/\/drinbags.com\/lt\/shop\/classic-waist-bags\/waterproof-waist-bag-shorts-2\/","title":{"rendered":"Neper\u0161lampama juosmens rankin\u0117 \u0160ORTAI"},"content":{"rendered":"<p><strong>D\u0117mesio!<\/strong>\u0160i pilv\u016bzin\u0117 pagaminta naudojant pernaudot\u0105 med\u017eiag\u0105! \u0160i med\u017eiaga praeitame savo gyvenime <strong>buvo \u0161ortais<\/strong>. Deja, bet jie buvo itin nepatog\u016bs ne\u0161ioti, tad at\u0117jo laikas paleisti juos \u012f antr\u0105 gyvenim\u0105! <strong>Tokia vienintel\u0117!\u00a0<\/strong><\/p>\n<p>Klasikin\u0117 juosmens rankin\u0117 lyd\u0117s jus visur - tiek ved\u017eiojant \u0161un\u012f, tiek vakar\u0117liuose !<\/p>\n<p>Pilv\u016bzin\u0117 yra pagaminta i\u0161 impregnuoto polyesterio, tod\u0117l yra atspari vandeniui.<\/p>\n<p>Dir\u017eas reguliuojamo ilgio, tod\u0117l rankin\u0119 gal\u0117site ne\u0161ioti tiek ant liemens, tiek per kr\u016btin\u0119.<\/p>\n<p><strong>Dydis:<\/strong><\/p>\n<p>U\u017etrauktuk\u0173 ilgis 20 cm ir 31 cm.<\/p>\n<p>Dir\u017eo ilgis (\u012fskaitant ir pa\u010di\u0105 juosmens rankin\u0119) gali b\u016bti reguliuojamas iki 155 cm.<\/p>\n<p><em>*Dyd\u017eiai gali \u0161iek tiek skirtis, nes kiekviena pilv\u016bzin\u0117 yra rank\u0173 darbo. :)<\/em><\/p>","protected":false},"excerpt":{"rendered":"<p>Attention! This fanny pack is made from reused fabric. The cute fabric used to be my shorts! Unfortunately they were too uncomfortable to [&hellip;]<\/p>\n","protected":false},"featured_media":5887,"template":"","meta":{"_acf_changed":false,"_monsterinsights_skip_tracking":false,"_monsterinsights_sitenote_active":false,"_monsterinsights_sitenote_note":"","_monsterinsights_sitenote_category":0},"product_brand":[],"product_cat":[92,106,132,109],"product_tag":[84,86,85,82],"class_list":{"0":"post-5891","1":"product","2":"type-product","3":"status-publish","4":"has-post-thumbnail","6":"product_cat-classic-waist-bags","7":"product_cat-products-of-reused-fabric","8":"product_cat-sale","9":"product_cat-secret","10":"product_tag-belt-bag","11":"product_tag-fanny-pack","12":"product_tag-hip-bag","13":"product_tag-waist-bag","15":"first","16":"outofstock","17":"shipping-taxable","18":"purchasable","19":"product-type-simple"},"acf":[],"aioseo_notices":[],"_links":{"self":[{"href":"https:\/\/drinbags.com\/lt\/wp-json\/wp\/v2\/product\/5891","targetHints":{"allow":["GET"]}}],"collection":[{"href":"https:\/\/drinbags.com\/lt\/wp-json\/wp\/v2\/product"}],"about":[{"href":"https:\/\/drinbags.com\/lt\/wp-json\/wp\/v2\/types\/product"}],"wp:featuredmedia":[{"embeddable":true,"href":"https:\/\/drinbags.com\/lt\/wp-json\/wp\/v2\/media\/5887"}],"wp:attachment":[{"href":"https:\/\/drinbags.com\/lt\/wp-json\/wp\/v2\/media?parent=5891"}],"wp:term":[{"taxonomy":"product_brand","embeddable":true,"href":"https:\/\/drinbags.com\/lt\/wp-json\/wp\/v2\/product_brand?post=5891"},{"taxonomy":"product_cat","embeddable":true,"href":"https:\/\/drinbags.com\/lt\/wp-json\/wp\/v2\/product_cat?post=5891"},{"taxonomy":"product_tag","embeddable":true,"href":"https:\/\/drinbags.com\/lt\/wp-json\/wp\/v2\/product_tag?post=5891"}],"curies":[{"name":"wp","href":"https:\/\/api.w.org\/{rel}","templated":true}]}}