{"id":5941,"date":"2023-10-05T08:17:23","date_gmt":"2023-10-05T05:17:23","guid":{"rendered":"https:\/\/drinbags.com\/?post_type=product&#038;p=5941"},"modified":"2023-10-16T00:00:08","modified_gmt":"2023-10-15T21:00:08","slug":"traveller-wallet-alien","status":"publish","type":"product","link":"https:\/\/drinbags.com\/lt\/shop\/wallets\/traveller-wallet-alien\/","title":{"rendered":"Keliautoj\u0173 pinigin\u0117 ATEIVIAI"},"content":{"rendered":"<p>\ud83c\udf08 <strong><strong>Spalvas derink prie savo stiliaus<\/strong><\/strong><\/p>\n<p>I\u0161 plataus spalv\u0173 pasirinkimo rinkis tokias, kurios der\u0117s prie tavo stiliaus ar nuotaikos. Lai tavo pinigin\u0117 tampa tavo asmenyb\u0117s prat\u0119simu ir kasdieniams nuotykiams suteikia daugiau spalv\u0173!<\/p>\n<p>\ud83d\udcbc <strong>Keliauk lengvai<\/strong><\/p>\n<p class=\"translation-block\">\u0160is pinigin\u0117s modelis sukurtas minimalistiniam stiliui, tad pinigin\u0117 leid\u017eia keliauti lengvai ir stilingai! Pinigin\u0117 tokia ma\u017ea, kad lengvai <strong>tilps \u012f ki\u0161en\u0119 ar pilv\u016bzin\u0119<\/strong>, tad gal\u0117si m\u0117gautis jud\u0117jimo laisve!<\/p>\n<p>\ud83d\udcb3 <strong>Keliauk patogiai<\/strong><\/p>\n<p>Pinigin\u0117je yra du skyriai. Pirmasis u\u017esisega spaude ir atrodo visai nedidelis. Ta\u010diau jame telpa ne\u012ftik\u0117tinai daug korteli\u0173, tad jas visada gal\u0117si tur\u0117ti \u0161alia lengvai pasiekiamas!<\/p>\n<p>\ud83d\udcb5 <strong>Keliauk saugiai<\/strong><\/p>\n<p>Kitas skyrius yra u\u017esegamas u\u017etrauktuku. Jame gali laikyti tiek monetas, tiek banknotus. O jeigu gryn\u0173j\u0173 pinig\u0173 jau seniai nebenaudoji, \u012f \u0161\u012f skyri\u0173 puikiai tilps raktai ir vazelinas!<\/p>\n<p>\ud83d\udc5c <strong>Kompakti\u0161ka<\/strong><\/p>\n<p>\u0160i pinigin\u0117 ypa\u010d kompakti\u0161ka, u\u017edarytos jos dydis vos 12 cm x 8 cm. Keliautoj\u0173 pinigin\u0117 be vargo derina stili\u0173 ir prakti\u0161kum\u0105. Ma\u017eas dydis netrukdo piniginei i\u0161likti funkcionaliai, tod\u0117l tai b\u016btinas aksesuaras tiems, kurie vertina prakti\u0161kum\u0105!<\/p>\n<p>I\u0161sirink spalvas ir leisk Keliautojo piniginei praskaidrinti tavo dien\u0105! \ud83c\udf1f\ud83c\udf08\ud83d\udc5c<\/p>","protected":false},"excerpt":{"rendered":"<p>\ud83c\udf08 Express Your Style with Every Color With a spectrum of colors to pick from, you can now match your wallet to your [&hellip;]<\/p>","protected":false},"featured_media":5932,"template":"","meta":{"_acf_changed":false,"_monsterinsights_skip_tracking":false,"_monsterinsights_sitenote_active":false,"_monsterinsights_sitenote_note":"","_monsterinsights_sitenote_category":0},"product_brand":[],"product_cat":[103],"product_tag":[],"class_list":{"0":"post-5941","1":"product","2":"type-product","3":"status-publish","4":"has-post-thumbnail","6":"product_cat-wallets","8":"first","9":"instock","10":"shipping-taxable","11":"purchasable","12":"product-type-simple"},"acf":[],"aioseo_notices":[],"_links":{"self":[{"href":"https:\/\/drinbags.com\/lt\/wp-json\/wp\/v2\/product\/5941","targetHints":{"allow":["GET"]}}],"collection":[{"href":"https:\/\/drinbags.com\/lt\/wp-json\/wp\/v2\/product"}],"about":[{"href":"https:\/\/drinbags.com\/lt\/wp-json\/wp\/v2\/types\/product"}],"wp:featuredmedia":[{"embeddable":true,"href":"https:\/\/drinbags.com\/lt\/wp-json\/wp\/v2\/media\/5932"}],"wp:attachment":[{"href":"https:\/\/drinbags.com\/lt\/wp-json\/wp\/v2\/media?parent=5941"}],"wp:term":[{"taxonomy":"product_brand","embeddable":true,"href":"https:\/\/drinbags.com\/lt\/wp-json\/wp\/v2\/product_brand?post=5941"},{"taxonomy":"product_cat","embeddable":true,"href":"https:\/\/drinbags.com\/lt\/wp-json\/wp\/v2\/product_cat?post=5941"},{"taxonomy":"product_tag","embeddable":true,"href":"https:\/\/drinbags.com\/lt\/wp-json\/wp\/v2\/product_tag?post=5941"}],"curies":[{"name":"wp","href":"https:\/\/api.w.org\/{rel}","templated":true}]}}