{"id":6002,"date":"2023-10-05T08:56:46","date_gmt":"2023-10-05T05:56:46","guid":{"rendered":"https:\/\/drinbags.com\/?post_type=product&#038;p=6002"},"modified":"2023-10-16T08:17:31","modified_gmt":"2023-10-16T05:17:31","slug":"spacious-waist-bag-courage","status":"publish","type":"product","link":"https:\/\/drinbags.com\/lt\/shop\/spacious-waist-bags\/spacious-waist-bag-courage\/","title":{"rendered":"Talpi pilv\u016bzin\u0117  DR\u0104SA"},"content":{"rendered":"<p class=\"translation-block\">Talpi juosmens rankin\u0117 - <strong>prakti\u0161ka, bet stilinga<\/strong>, pagaminta i\u0161 originali\u0173 ra\u0161t\u0173 audini\u0173. \ud83e\udd29 Unikalaus stiliaus pilv\u016bzin\u0119 galima derinti ne tik su <strong>laisvalaikio apranga<\/strong>, bet ir prie <strong>suknel\u0117s<\/strong>\ud83d\udc83. Juosmens rankin\u0117 ypa\u010d tarnauja <strong>ved\u017eiojant \u0161un\u012f<\/strong> \ud83d\udc15, kai norisi, kad raktai ar telefonas nekrist\u0173 i\u0161 rank\u0173. Keliaujant \u012f <strong>festival\u012f ar vakar\u0117l\u012f<\/strong> \ud83e\udd73, kai norisi daiktus laikyti <strong>saugiai prie sav\u0119s<\/strong>. \u0160is pilv\u016bzin\u0117s modelis itin talpus, tod\u0117l telpa netgi 0,5 l vandens buteliukas ir u\u017ekand\u017eiai. Pilv\u016bzin\u0117 lydi kiekvien\u0105, kuris m\u0117gsta leisti laisvalaik\u012f aktyviai ir stili\u0173 i\u0161ry\u0161kinti stilingomis detal\u0117mis!\ud83d\udc06<\/p>\n<p class=\"translation-block\">\u2705<strong>\u00a0STILIUS<\/strong><\/p>\n<p class=\"translation-block\">I\u0161sirink med\u017eiag\u0105, kuri atitinka tavo <strong>stili\u0173 ir asmenyb\u0119<\/strong> \ud83e\udd84.<\/p>\n<p class=\"translation-block\">\u2705 <strong>ATSPARUS VANDENIUI AUDINYS <\/strong><\/p>\n<p class=\"translation-block\">Pasi\u016bta i\u0161 impregnuoto, <strong>atsparaus vandeniui<\/strong> audinio, tod\u0117l daiktai esantys pilv\u016bzin\u0117je lieka sausi ir saug\u016bs, net lietui lyjant! \ud83c\udf0a<\/p>\n<p class=\"translation-block\">\u2705\u00a0<strong>FUNKCIONALUMAS<\/strong><\/p>\n<p class=\"translation-block\">Dir\u017eas reguliuojamo ilgio, tod\u0117l rankin\u0119 galima ne\u0161ioti <strong>ne tik ant liemens, bet ir per kr\u016btin\u0119<\/strong>. \ud83d\udc4c<\/p>\n<p class=\"translation-block\">\u2705\u00a0<strong>DYDIS<\/strong><\/p>\n<p>Dir\u017eo ilgis, \u012fskai\u010diuojant ir pa\u010di\u0105 pilv\u016bzin\u0119, yra iki 122 cm.<\/p>\n<p class=\"translation-block\"><em><strong>I\u0161laisvink savo stiliaus potencial\u0105 ir m\u0117gaukis prakti\u0161kumu, kur\u012f juosmens rankin\u0117 suteiks kasdieniniams tavo nuotykiams. <\/strong><\/em><strong>\ud83d\udeb2<\/strong><\/p>\n<p>&nbsp;<\/p>\n<p>Plotis (matuojama priekin\u0117 ki\u0161en\u0117): 23 cm<\/p>\n<p>Auk\u0161tis: 14 cm<\/p>\n<p>Gylis: 8 cm<\/p>","protected":false},"excerpt":{"rendered":"<div style=\"width: 1080px;\" class=\"wp-video\"><video class=\"wp-video-shortcode\" id=\"video-6002-1\" width=\"1080\" height=\"1080\" preload=\"metadata\" controls=\"controls\"><source type=\"video\/mp4\" src=\"http:\/\/drinbags.com\/wp-content\/uploads\/2022\/09\/IMG_6188_1.mp4?_=1\" \/><a href=\"http:\/\/drinbags.com\/wp-content\/uploads\/2022\/09\/IMG_6188_1.mp4\">http:\/\/drinbags.com\/wp-content\/uploads\/2022\/09\/IMG_6188_1.mp4<\/a><\/video><\/div>","protected":false},"featured_media":5952,"template":"","meta":{"_acf_changed":false,"_monsterinsights_skip_tracking":false,"_monsterinsights_sitenote_active":false,"_monsterinsights_sitenote_note":"","_monsterinsights_sitenote_category":0},"product_brand":[],"product_cat":[93],"product_tag":[30,38,66],"class_list":{"0":"post-6002","1":"product","2":"type-product","3":"status-publish","4":"has-post-thumbnail","6":"product_cat-spacious-waist-bags","7":"product_tag-casual","8":"product_tag-outdoor","9":"product_tag-unisex","11":"first","12":"outofstock","13":"shipping-taxable","14":"purchasable","15":"product-type-simple"},"acf":[],"aioseo_notices":[],"_links":{"self":[{"href":"https:\/\/drinbags.com\/lt\/wp-json\/wp\/v2\/product\/6002","targetHints":{"allow":["GET"]}}],"collection":[{"href":"https:\/\/drinbags.com\/lt\/wp-json\/wp\/v2\/product"}],"about":[{"href":"https:\/\/drinbags.com\/lt\/wp-json\/wp\/v2\/types\/product"}],"wp:featuredmedia":[{"embeddable":true,"href":"https:\/\/drinbags.com\/lt\/wp-json\/wp\/v2\/media\/5952"}],"wp:attachment":[{"href":"https:\/\/drinbags.com\/lt\/wp-json\/wp\/v2\/media?parent=6002"}],"wp:term":[{"taxonomy":"product_brand","embeddable":true,"href":"https:\/\/drinbags.com\/lt\/wp-json\/wp\/v2\/product_brand?post=6002"},{"taxonomy":"product_cat","embeddable":true,"href":"https:\/\/drinbags.com\/lt\/wp-json\/wp\/v2\/product_cat?post=6002"},{"taxonomy":"product_tag","embeddable":true,"href":"https:\/\/drinbags.com\/lt\/wp-json\/wp\/v2\/product_tag?post=6002"}],"curies":[{"name":"wp","href":"https:\/\/api.w.org\/{rel}","templated":true}]}}