{"id":6172,"date":"2023-12-31T15:32:15","date_gmt":"2023-12-31T13:32:15","guid":{"rendered":"https:\/\/drinbags.com\/?post_type=product&#038;p=6172"},"modified":"2024-11-20T12:40:52","modified_gmt":"2024-11-20T10:40:52","slug":"waterproof-classic-waist-bag-africa","status":"publish","type":"product","link":"https:\/\/drinbags.com\/lt\/shop\/classic-waist-bags\/waterproof-classic-waist-bag-africa\/","title":{"rendered":"Neper\u0161lampama pilv\u016bzin\u0117 AFRIKA"},"content":{"rendered":"<p>Classic waist bag &#8211; <strong>practical yet stylish<\/strong>, made from original patterned fabrics\ud83e\udd29.\u00a0This unique style fanny pack can be paired not only with casual attire but also with dresses. The waist bag serves especially well when <strong>walking a dog \ud83d\udc15<\/strong>, <strong>keeping keys \ud83d\udd11<\/strong> or a <strong>phone \ud83d\udcf1 secure<\/strong>. It&#8217;s perfect for attending city <strong>festivals<\/strong> or <strong>parties<\/strong> when you only need a few small items and want to keep them close to you. The fanny pack accompanies anyone who enjoys spending their leisure time actively and enhancing their style with fashionable details!<\/p>\n<h3 class=\"fusion-responsive-typography-calculated\" data-fontsize=\"18\" data-lineheight=\"28.08px\"><strong>\u2705 <\/strong><strong>STYLE<\/strong>.<\/h3>\n<p>Choose a material that matches your personal style and personality\ud83d\udc83.<\/p>\n<h3 class=\"fusion-responsive-typography-calculated\" data-fontsize=\"18\" data-lineheight=\"28.08px\"><strong>\u2705\u00a0<\/strong><strong>WATER-RESISTANT FABRIC.<\/strong><\/h3>\n<p>Made from impregnated, <strong>water-resistant fabric,<\/strong> ensuring that the items inside the waist bag remain dry and safe \ud83c\udf0a.<\/p>\n<h3 class=\"fusion-responsive-typography-calculated\" data-fontsize=\"18\" data-lineheight=\"28.08px\"><strong>\u2705\u00a0<\/strong><strong>FUNCTIONALITY<\/strong>.<\/h3>\n<p>The <strong>strap is adjustable<\/strong> in length, allowing you to wear the bag not only on your <strong>waist<\/strong> but also <strong>across your chest \ud83c\udfc3\u200d\u2640\ufe0f<\/strong>.<\/p>\n<h3 class=\"fusion-responsive-typography-calculated\" data-fontsize=\"18\" data-lineheight=\"28.08px\"><strong>\u2705\u00a0<\/strong><strong>SIZE<\/strong>.<\/h3>\n<p>The length of the zippers is 20 cm and 31 cm. The length of the strap, including the bag itself, is up to 130 cm.<\/p>","protected":false},"excerpt":{"rendered":"<p>Classic waist bag &#8211; practical yet stylish, made from original patterned fabrics\ud83e\udd29.\u00a0This unique style fanny pack can be paired not only with casual [&hellip;]<\/p>","protected":false},"featured_media":6173,"template":"","meta":{"_acf_changed":false,"_monsterinsights_skip_tracking":false,"_monsterinsights_sitenote_active":false,"_monsterinsights_sitenote_note":"","_monsterinsights_sitenote_category":0},"product_brand":[],"product_cat":[92,132],"product_tag":[84,86,85,82],"class_list":{"0":"post-6172","1":"product","2":"type-product","3":"status-publish","4":"has-post-thumbnail","6":"product_cat-classic-waist-bags","7":"product_cat-sale","8":"product_tag-belt-bag","9":"product_tag-fanny-pack","10":"product_tag-hip-bag","11":"product_tag-waist-bag","13":"first","14":"instock","15":"shipping-taxable","16":"purchasable","17":"product-type-simple"},"acf":[],"aioseo_notices":[],"_links":{"self":[{"href":"https:\/\/drinbags.com\/lt\/wp-json\/wp\/v2\/product\/6172","targetHints":{"allow":["GET"]}}],"collection":[{"href":"https:\/\/drinbags.com\/lt\/wp-json\/wp\/v2\/product"}],"about":[{"href":"https:\/\/drinbags.com\/lt\/wp-json\/wp\/v2\/types\/product"}],"wp:featuredmedia":[{"embeddable":true,"href":"https:\/\/drinbags.com\/lt\/wp-json\/wp\/v2\/media\/6173"}],"wp:attachment":[{"href":"https:\/\/drinbags.com\/lt\/wp-json\/wp\/v2\/media?parent=6172"}],"wp:term":[{"taxonomy":"product_brand","embeddable":true,"href":"https:\/\/drinbags.com\/lt\/wp-json\/wp\/v2\/product_brand?post=6172"},{"taxonomy":"product_cat","embeddable":true,"href":"https:\/\/drinbags.com\/lt\/wp-json\/wp\/v2\/product_cat?post=6172"},{"taxonomy":"product_tag","embeddable":true,"href":"https:\/\/drinbags.com\/lt\/wp-json\/wp\/v2\/product_tag?post=6172"}],"curies":[{"name":"wp","href":"https:\/\/api.w.org\/{rel}","templated":true}]}}